{"id":5571,"date":"2025-02-07T08:57:02","date_gmt":"2025-02-07T06:57:02","guid":{"rendered":"https:\/\/hav.fi\/?page_id=5571"},"modified":"2025-02-07T09:26:19","modified_gmt":"2025-02-07T07:26:19","slug":"osta-vene","status":"publish","type":"page","link":"https:\/\/hav.fi\/fi\/osta-vene\/","title":{"rendered":"Osta vene"},"content":{"rendered":"<p>[et_pb_section fb_built=&#8221;1&#8243; _builder_version=&#8221;4.27.4&#8243; _module_preset=&#8221;default&#8221; background_image=&#8221;https:\/\/hav.fi\/wp-content\/uploads\/2025\/02\/HAV2022-18.jpg&#8221; custom_padding=&#8221;120px||120px||true|false&#8221; hover_enabled=&#8221;0&#8243; global_colors_info=&#8221;{}&#8221; locked=&#8221;off&#8221; theme_builder_area=&#8221;post_content&#8221; title_text=&#8221;HAV2022-18&#8243; background_blend=&#8221;multiply&#8221; background_color=&#8221;rgba(0,0,0,0.3)&#8221; sticky_enabled=&#8221;0&#8243;][et_pb_row _builder_version=&#8221;4.27.4&#8243; _module_preset=&#8221;default&#8221; global_colors_info=&#8221;{}&#8221; theme_builder_area=&#8221;post_content&#8221;][et_pb_column type=&#8221;4_4&#8243; _builder_version=&#8221;4.27.4&#8243; _module_preset=&#8221;default&#8221; global_colors_info=&#8221;{}&#8221; theme_builder_area=&#8221;post_content&#8221;][et_pb_text _builder_version=&#8221;4.27.4&#8243; _module_preset=&#8221;default&#8221; header_font=&#8221;Open Sans|800|||||||&#8221; header_text_align=&#8221;center&#8221; header_text_color=&#8221;#FFFFFF&#8221; header_font_size=&#8221;50px&#8221; header_line_height=&#8221;1.3em&#8221; hover_enabled=&#8221;0&#8243; header_font_size_tablet=&#8221;35px&#8221; header_font_size_phone=&#8221;30px&#8221; header_font_size_last_edited=&#8221;on|phone&#8221; global_colors_info=&#8221;{}&#8221; theme_builder_area=&#8221;post_content&#8221; sticky_enabled=&#8221;0&#8243;]<\/p>\n<h1>Osta Vene<\/h1>\n<p>[\/et_pb_text][\/et_pb_column][\/et_pb_row][\/et_pb_section][et_pb_section fb_built=&#8221;1&#8243; theme_builder_area=&#8221;post_content&#8221; _builder_version=&#8221;4.27.4&#8243; _module_preset=&#8221;default&#8221;][et_pb_row _builder_version=&#8221;4.27.4&#8243; _module_preset=&#8221;default&#8221; theme_builder_area=&#8221;post_content&#8221; custom_padding=&#8221;0px||||false|false&#8221; hover_enabled=&#8221;0&#8243; sticky_enabled=&#8221;0&#8243;][et_pb_column _builder_version=&#8221;4.27.4&#8243; _module_preset=&#8221;default&#8221; type=&#8221;4_4&#8243; theme_builder_area=&#8221;post_content&#8221;][et_pb_text _builder_version=&#8221;4.27.4&#8243; _module_preset=&#8221;default&#8221; header_2_font=&#8221;&#8211;et_global_body_font|700|||||||&#8221; header_2_text_align=&#8221;center&#8221; header_2_text_color=&#8221;#348AB7&#8243; header_2_font_size=&#8221;28px&#8221; header_2_line_height=&#8221;1.3em&#8221; hover_enabled=&#8221;0&#8243; global_colors_info=&#8221;{}&#8221; locked=&#8221;off&#8221; theme_builder_area=&#8221;post_content&#8221; sticky_enabled=&#8221;0&#8243;]<\/p>\n<h2>Etsitk\u00f6 luotettavaa moottorivenett\u00e4?<br \/>\nAutamme sinua l\u00f6yt\u00e4m\u00e4\u00e4n parhaan vaihtoehdon.<\/h2>\n<p>[\/et_pb_text][\/et_pb_column][\/et_pb_row][et_pb_row _builder_version=&#8221;4.27.4&#8243; _module_preset=&#8221;default&#8221; column_structure=&#8221;1_2,1_2&#8243; theme_builder_area=&#8221;post_content&#8221;][et_pb_column _builder_version=&#8221;4.27.4&#8243; _module_preset=&#8221;default&#8221; type=&#8221;1_2&#8243; theme_builder_area=&#8221;post_content&#8221;][et_pb_blurb icon_placement=&#8221;left&#8221; image_icon_width=&#8221;45px&#8221; content_max_width=&#8221;100%&#8221; _builder_version=&#8221;4.27.4&#8243; _module_preset=&#8221;default&#8221; body_font=&#8221;Lato||||||||&#8221; body_text_color=&#8221;#000000&#8243; body_font_size=&#8221;17px&#8221; body_line_height=&#8221;1.5em&#8221; hover_enabled=&#8221;0&#8243; global_colors_info=&#8221;{}&#8221; locked=&#8221;off&#8221; theme_builder_area=&#8221;post_content&#8221; title=&#8221;Tarkastetut ja luotettavat veneet&#8221; header_font=&#8221;Open Sans|700|||||||&#8221; header_text_color=&#8221;#333333&#8243; header_font_size=&#8221;20px&#8221; header_line_height=&#8221;1.2em&#8221; title_text=&#8221;boat&#8221; image=&#8221;https:\/\/hav.fi\/wp-content\/uploads\/2025\/02\/boat.png&#8221; sticky_enabled=&#8221;0&#8243; image_icon_custom_margin=&#8221;-6px||||false|false&#8221;]<\/p>\n<p>Selvit\u00e4mme veneen historian ja kunnon.<\/p>\n<p>[\/et_pb_blurb][et_pb_blurb icon_placement=&#8221;left&#8221; image_icon_width=&#8221;45px&#8221; content_max_width=&#8221;100%&#8221; _builder_version=&#8221;4.27.4&#8243; _module_preset=&#8221;default&#8221; body_font=&#8221;Lato||||||||&#8221; body_text_color=&#8221;#000000&#8243; body_font_size=&#8221;17px&#8221; body_line_height=&#8221;1.5em&#8221; global_colors_info=&#8221;{}&#8221; locked=&#8221;off&#8221; theme_builder_area=&#8221;post_content&#8221; title=&#8221;Laaja valikoima&#8221; header_font=&#8221;Open Sans|700|||||||&#8221; header_text_color=&#8221;#333333&#8243; header_font_size=&#8221;20px&#8221; header_line_height=&#8221;1.2em&#8221; title_text=&#8221;boat&#8221; image=&#8221;https:\/\/hav.fi\/wp-content\/uploads\/2025\/02\/boat.png&#8221; sticky_enabled=&#8221;0&#8243; image_icon_custom_margin=&#8221;-6px||||false|false&#8221;]L\u00f6yd\u00e4mme sinulle sopivan veneen verkostomme kautta.\u2028[\/et_pb_blurb][et_pb_blurb icon_placement=&#8221;left&#8221; image_icon_width=&#8221;45px&#8221; content_max_width=&#8221;100%&#8221; _builder_version=&#8221;4.27.4&#8243; _module_preset=&#8221;default&#8221; body_font=&#8221;Lato||||||||&#8221; body_text_color=&#8221;#000000&#8243; body_font_size=&#8221;17px&#8221; body_line_height=&#8221;1.5em&#8221; global_colors_info=&#8221;{}&#8221; locked=&#8221;off&#8221; theme_builder_area=&#8221;post_content&#8221; title=&#8221;Turvalliset kaupat&#8221; header_font=&#8221;Open Sans|700|||||||&#8221; header_text_color=&#8221;#333333&#8243; header_font_size=&#8221;20px&#8221; header_line_height=&#8221;1.2em&#8221; title_text=&#8221;boat&#8221; image=&#8221;https:\/\/hav.fi\/wp-content\/uploads\/2025\/02\/boat.png&#8221; sticky_enabled=&#8221;0&#8243; image_icon_custom_margin=&#8221;-6px||||false|false&#8221;]<\/p>\n<p>Hoidamme paperity\u00f6t puolestasi.<\/p>\n<p>[\/et_pb_blurb][et_pb_blurb icon_placement=&#8221;left&#8221; image_icon_width=&#8221;45px&#8221; content_max_width=&#8221;100%&#8221; _builder_version=&#8221;4.27.4&#8243; _module_preset=&#8221;default&#8221; body_font=&#8221;Lato||||||||&#8221; body_text_color=&#8221;#000000&#8243; body_font_size=&#8221;17px&#8221; body_line_height=&#8221;1.5em&#8221; global_colors_info=&#8221;{}&#8221; locked=&#8221;off&#8221; theme_builder_area=&#8221;post_content&#8221; title=&#8221;P\u00e4\u00e4sy rahoitukseen&#8221; header_font=&#8221;Open Sans|700|||||||&#8221; header_text_color=&#8221;#333333&#8243; header_font_size=&#8221;20px&#8221; header_line_height=&#8221;1.2em&#8221; title_text=&#8221;boat&#8221; image=&#8221;https:\/\/hav.fi\/wp-content\/uploads\/2025\/02\/boat.png&#8221; sticky_enabled=&#8221;0&#8243; image_icon_custom_margin=&#8221;-6px||||false|false&#8221;]Monien yhteisty\u00f6kumppaniemme kautta.\u2028[\/et_pb_blurb][et_pb_blurb icon_placement=&#8221;left&#8221; image_icon_width=&#8221;45px&#8221; content_max_width=&#8221;100%&#8221; _builder_version=&#8221;4.27.4&#8243; _module_preset=&#8221;default&#8221; body_font=&#8221;Lato||||||||&#8221; body_text_color=&#8221;#000000&#8243; body_font_size=&#8221;17px&#8221; body_line_height=&#8221;1.5em&#8221; global_colors_info=&#8221;{}&#8221; locked=&#8221;off&#8221; theme_builder_area=&#8221;post_content&#8221; title=&#8221;Kuljetuspalvelu &#8221; header_font=&#8221;Open Sans|700|||||||&#8221; header_text_color=&#8221;#333333&#8243; header_font_size=&#8221;20px&#8221; header_line_height=&#8221;1.2em&#8221; title_text=&#8221;boat&#8221; image=&#8221;https:\/\/hav.fi\/wp-content\/uploads\/2025\/02\/boat.png&#8221; sticky_enabled=&#8221;0&#8243; image_icon_custom_margin=&#8221;-6px||||false|false&#8221;]Autamme sinua siirt\u00e4m\u00e4\u00e4n veneesi.[\/et_pb_blurb][et_pb_text _builder_version=&#8221;4.27.4&#8243; _module_preset=&#8221;default&#8221; theme_builder_area=&#8221;post_content&#8221; text_font=&#8221;Open Sans||||||||&#8221; text_text_color=&#8221;#000000&#8243; text_font_size=&#8221;17px&#8221; text_line_height=&#8221;1.8em&#8221; hover_enabled=&#8221;0&#8243; sticky_enabled=&#8221;0&#8243;]Tutustu tarjoukseemme tai kerro meille, mit\u00e4 etsit![\/et_pb_text][\/et_pb_column][et_pb_column _builder_version=&#8221;4.27.4&#8243; _module_preset=&#8221;default&#8221; type=&#8221;1_2&#8243; theme_builder_area=&#8221;post_content&#8221;][et_pb_image src=&#8221;https:\/\/hav.fi\/wp-content\/uploads\/2022\/02\/Linder_Arkip_530_BR-12.jpg&#8221; _builder_version=&#8221;4.27.4&#8243; _module_preset=&#8221;default&#8221; theme_builder_area=&#8221;post_content&#8221; title_text=&#8221;Linder_Arkip_530_BR-12&#8243; border_radii=&#8221;on|3px|3px|3px|3px&#8221; hover_enabled=&#8221;0&#8243; sticky_enabled=&#8221;0&#8243;][\/et_pb_image][\/et_pb_column][\/et_pb_row][\/et_pb_section][et_pb_section fb_built=&#8221;1&#8243; make_equal=&#8221;on&#8221; use_custom_gutter=&#8221;on&#8221; gutter_width=&#8221;1&#8243; specialty=&#8221;on&#8221; next_background_color=&#8221;#ffffff&#8221; background_color_2=&#8221;#348ab7&#8243; padding_top_1=&#8221;150px&#8221; padding_top_2=&#8221;150px&#8221; padding_right_1=&#8221;60px&#8221; padding_right_2=&#8221;10%&#8221; padding_bottom_1=&#8221;150px&#8221; padding_bottom_2=&#8221;150px&#8221; padding_left_1=&#8221;10%&#8221; padding_left_2=&#8221;60px&#8221; padding_top_bottom_link_1=&#8221;true&#8221; padding_top_bottom_link_2=&#8221;true&#8221; padding_1_tablet=&#8221;|0%||0%||true&#8221; padding_2_tablet=&#8221;40px|10%|100px|10%||true&#8221; padding_1_phone=&#8221;&#8221; padding_2_phone=&#8221;&#8221; padding_1_last_edited=&#8221;on|desktop&#8221; padding_2_last_edited=&#8221;on|desktop&#8221; module_class=&#8221; et_pb_specialty_fullwidth&#8221; _builder_version=&#8221;4.16&#8243; use_background_color_gradient=&#8221;on&#8221; background_color_gradient_stops=&#8221;rgba(24,30,36,0.9) 0%|rgba(52,138,183,0.52) 100%&#8221; background_color_gradient_overlays_image=&#8221;on&#8221; background_color_gradient_start=&#8221;rgba(24,30,36,0.9)&#8221; background_color_gradient_end=&#8221;rgba(52,138,183,0.52)&#8221; background_image=&#8221;https:\/\/hav.fi\/\/wp-content\/uploads\/2020\/02\/Hav-thumbnail-1.jpg&#8221; inner_width=&#8221;100%&#8221; inner_width_tablet=&#8221;90%&#8221; inner_width_phone=&#8221;&#8221; inner_width_last_edited=&#8221;on|desktop&#8221; inner_max_width=&#8221;100%&#8221; inner_max_width_tablet=&#8221;100%&#8221; inner_max_width_phone=&#8221;90%&#8221; inner_max_width_last_edited=&#8221;on|tablet&#8221; custom_padding=&#8221;0px||0px||true&#8221; bottom_divider_style=&#8221;asymmetric2&#8243; bottom_divider_flip=&#8221;horizontal&#8221; bottom_divider_arrangement=&#8221;above_content&#8221; animation_style=&#8221;slide&#8221; animation_direction=&#8221;bottom&#8221; animation_intensity_slide=&#8221;4%&#8221; animation_starting_opacity=&#8221;100%&#8221; background_color_gradient_stops_tablet=&#8221;rgba(24,30,36,0.9) 0%|rgba(52,138,183,0.52) 100%&#8221; background_color_gradient_stops_phone=&#8221;rgba(24,30,36,0.9) 0%|rgba(52,138,183,0.52) 100%&#8221; make_fullwidth=&#8221;on&#8221; global_module=&#8221;3725&#8243; saved_tabs=&#8221;all&#8221; global_colors_info=&#8221;{}&#8221; locked=&#8221;off&#8221; theme_builder_area=&#8221;post_content&#8221;][et_pb_column type=&#8221;1_2&#8243; specialty_columns=&#8221;2&#8243; _builder_version=&#8221;4.16&#8243; custom_padding=&#8221;|||&#8221; global_colors_info=&#8221;{}&#8221; padding_tablet=&#8221;|0%||0%||true&#8221; padding_last_edited=&#8221;on|desktop&#8221; custom_padding__hover=&#8221;|||&#8221; padding_phone=&#8221;|0%||0%||true&#8221; theme_builder_area=&#8221;post_content&#8221;][et_pb_row_inner _builder_version=&#8221;4.16&#8243; custom_padding=&#8221;0|0px|0|0px|true|false&#8221; global_colors_info=&#8221;{}&#8221; theme_builder_area=&#8221;post_content&#8221;][et_pb_column_inner saved_specialty_column_type=&#8221;1_2&#8243; _builder_version=&#8221;4.16&#8243; custom_padding=&#8221;|||&#8221; global_colors_info=&#8221;{}&#8221; custom_padding__hover=&#8221;|||&#8221; theme_builder_area=&#8221;post_content&#8221;][et_pb_text admin_label=&#8221;Get In Touch Title&#8221; _builder_version=&#8221;4.16&#8243; text_font=&#8221;Lato||||||||&#8221; text_font_size=&#8221;22px&#8221; text_line_height=&#8221;1.8em&#8221; header_font=&#8221;||||||||&#8221; header_2_font=&#8221;Open Sans|800||on|||||&#8221; header_2_font_size=&#8221;70px&#8221; background_layout=&#8221;dark&#8221; custom_margin=&#8221;|||&#8221; header_2_font_size_tablet=&#8221;66px&#8221; header_2_font_size_phone=&#8221;30px&#8221; header_2_font_size_last_edited=&#8221;on|phone&#8221; locked=&#8221;off&#8221; global_colors_info=&#8221;{}&#8221; theme_builder_area=&#8221;post_content&#8221;]<\/p>\n<h2>Ota yhteytt\u00e4<\/h2>\n<p>[\/et_pb_text][et_pb_text admin_label=&#8221;Phone&#8221; _builder_version=&#8221;4.16&#8243; text_font=&#8221;Open Sans|800|||||||&#8221; text_font_size=&#8221;40px&#8221; text_line_height=&#8221;2em&#8221; background_layout=&#8221;dark&#8221; custom_margin=&#8221;|||&#8221; text_font_size_tablet=&#8221;&#8221; text_font_size_phone=&#8221;20px&#8221; text_font_size_last_edited=&#8221;on|phone&#8221; locked=&#8221;off&#8221; global_colors_info=&#8221;{}&#8221; theme_builder_area=&#8221;post_content&#8221;]<\/p>\n<p>+358 19 267 6700<\/p>\n<p>[\/et_pb_text][\/et_pb_column_inner][\/et_pb_row_inner][et_pb_row_inner column_structure=&#8221;1_2,1_2&#8243; use_custom_gutter=&#8221;on&#8221; gutter_width=&#8221;2&#8243; _builder_version=&#8221;4.16&#8243; global_colors_info=&#8221;{}&#8221; theme_builder_area=&#8221;post_content&#8221;][et_pb_column_inner type=&#8221;1_2&#8243; saved_specialty_column_type=&#8221;1_2&#8243; _builder_version=&#8221;4.16&#8243; custom_padding=&#8221;|||&#8221; global_colors_info=&#8221;{}&#8221; custom_padding__hover=&#8221;|||&#8221; theme_builder_area=&#8221;post_content&#8221;][et_pb_text admin_label=&#8221;Address Title&#8221; _builder_version=&#8221;4.16&#8243; text_font=&#8221;Lato||||||||&#8221; text_font_size=&#8221;18px&#8221; text_line_height=&#8221;1.8em&#8221; header_font=&#8221;Open Sans||||||||&#8221; header_4_font=&#8221;Open Sans|800|||||||&#8221; header_4_font_size=&#8221;22px&#8221; background_layout=&#8221;dark&#8221; custom_margin=&#8221;|||&#8221; custom_padding=&#8221;||20px||false|false&#8221; locked=&#8221;off&#8221; global_colors_info=&#8221;{}&#8221; theme_builder_area=&#8221;post_content&#8221;]<\/p>\n<h4>Osoite<\/h4>\n<p>Esplanaadi 130<br \/>10900 Hanko<\/p>\n<p>[\/et_pb_text][et_pb_text admin_label=&#8221;Address Title&#8221; _builder_version=&#8221;4.16&#8243; text_font=&#8221;Lato||||||||&#8221; text_font_size=&#8221;18px&#8221; text_line_height=&#8221;1.8em&#8221; header_font=&#8221;Open Sans||||||||&#8221; header_4_font=&#8221;Open Sans|800|||||||&#8221; header_4_font_size=&#8221;22px&#8221; background_layout=&#8221;dark&#8221; custom_margin=&#8221;|||&#8221; custom_padding=&#8221;||20px||false|false&#8221; locked=&#8221;off&#8221; global_colors_info=&#8221;{}&#8221; theme_builder_area=&#8221;post_content&#8221;]<\/p>\n<h4>S\u00e4hk\u00f6posti<\/h4>\n<p>office@hav.fi<\/p>\n<p>[\/et_pb_text][\/et_pb_column_inner][et_pb_column_inner type=&#8221;1_2&#8243; saved_specialty_column_type=&#8221;1_2&#8243; _builder_version=&#8221;4.16&#8243; custom_padding=&#8221;|||&#8221; global_colors_info=&#8221;{}&#8221; custom_padding__hover=&#8221;|||&#8221; theme_builder_area=&#8221;post_content&#8221;][et_pb_text admin_label=&#8221;Hours Title&#8221; _builder_version=&#8221;4.16&#8243; text_font=&#8221;Lato||||||||&#8221; text_font_size=&#8221;18px&#8221; text_line_height=&#8221;1.8em&#8221; header_font=&#8221;Open Sans||||||||&#8221; header_4_font=&#8221;Open Sans|800|||||||&#8221; header_4_font_size=&#8221;22px&#8221; background_layout=&#8221;dark&#8221; custom_margin=&#8221;|||&#8221; custom_padding=&#8221;||20px||false|false&#8221; locked=&#8221;off&#8221; global_colors_info=&#8221;{}&#8221; theme_builder_area=&#8221;post_content&#8221;]<\/p>\n<h4>Aukioloajat<\/h4>\n<p>Arkisin 8-17, La 9-13<\/p>\n<p>[\/et_pb_text][et_pb_social_media_follow _builder_version=&#8221;4.16&#8243; _module_preset=&#8221;default&#8221; background_enable_color=&#8221;off&#8221; global_colors_info=&#8221;{}&#8221; theme_builder_area=&#8221;post_content&#8221;][et_pb_social_media_follow_network social_network=&#8221;facebook&#8221; url=&#8221;https:\/\/www.facebook.com\/Hang%C3%B6-Bil-och-B%C3%A5thus-Hangon-Auto-ja-Venetalo-429493263868745&#8243; icon_color=&#8221;#348AB7&#8243; use_icon_font_size=&#8221;on&#8221; icon_font_size=&#8221;30px&#8221; _builder_version=&#8221;4.16&#8243; _module_preset=&#8221;default&#8221; background_color=&#8221;#FFFFFF&#8221; background_enable_color=&#8221;on&#8221; border_radii=&#8221;on|0px|0px|0px|0px&#8221; global_colors_info=&#8221;{}&#8221; border_radii__hover_enabled=&#8221;on|desktop&#8221; border_radii__hover=&#8221;on|0px|0px|0px|0px&#8221; follow_button=&#8221;off&#8221; url_new_window=&#8221;on&#8221; theme_builder_area=&#8221;post_content&#8221;]facebook[\/et_pb_social_media_follow_network][et_pb_social_media_follow_network social_network=&#8221;instagram&#8221; url=&#8221;https:\/\/www.instagram.com\/hangonautojavenetalo\/&#8221; icon_color=&#8221;#348AB7&#8243; use_icon_font_size=&#8221;on&#8221; icon_font_size=&#8221;30px&#8221; _builder_version=&#8221;4.16&#8243; _module_preset=&#8221;default&#8221; background_color=&#8221;#FFFFFF&#8221; background_enable_color=&#8221;on&#8221; border_radii=&#8221;on|0px|0px|0px|0px&#8221; global_colors_info=&#8221;{}&#8221; follow_button=&#8221;off&#8221; url_new_window=&#8221;on&#8221; theme_builder_area=&#8221;post_content&#8221;]instagram[\/et_pb_social_media_follow_network][et_pb_social_media_follow_network social_network=&#8221;youtube&#8221; url=&#8221;https:\/\/www.youtube.com\/channel\/UCPi3nnPh4LZL88mS0sqzLoA\/featured&#8221; icon_color=&#8221;#348AB7&#8243; use_icon_font_size=&#8221;on&#8221; icon_font_size=&#8221;30px&#8221; _builder_version=&#8221;4.16&#8243; _module_preset=&#8221;default&#8221; background_color=&#8221;#FFFFFF&#8221; background_enable_color=&#8221;on&#8221; border_radii=&#8221;on|0px|0px|0px|0px&#8221; global_colors_info=&#8221;{}&#8221; follow_button=&#8221;off&#8221; url_new_window=&#8221;on&#8221; theme_builder_area=&#8221;post_content&#8221;]youtube[\/et_pb_social_media_follow_network][\/et_pb_social_media_follow][\/et_pb_column_inner][\/et_pb_row_inner][\/et_pb_column][et_pb_column type=&#8221;1_2&#8243; _builder_version=&#8221;4.16&#8243; background_color=&#8221;#c10f1b&#8221; custom_padding=&#8221;|||&#8221; global_colors_info=&#8221;{}&#8221; padding_tablet=&#8221;40px|10%|100px|10%||true&#8221; padding_last_edited=&#8221;on|desktop&#8221; custom_padding__hover=&#8221;|||&#8221; padding_phone=&#8221;40px|10%|100px|10%||true&#8221; theme_builder_area=&#8221;post_content&#8221;][\/et_pb_column][\/et_pb_section]<\/p>\n","protected":false},"excerpt":{"rendered":"<p>Osta VeneEtsitk\u00f6 luotettavaa moottorivenett\u00e4? Autamme sinua l\u00f6yt\u00e4m\u00e4\u00e4n parhaan vaihtoehdon.Selvit\u00e4mme veneen historian ja kunnon.L\u00f6yd\u00e4mme sinulle sopivan veneen verkostomme kautta.\u2028Hoidamme paperity\u00f6t puolestasi.Monien yhteisty\u00f6kumppaniemme kautta.\u2028Autamme sinua siirt\u00e4m\u00e4\u00e4n veneesi.Tutustu tarjoukseemme tai kerro meille, mit\u00e4 etsit!Ota yhteytt\u00e4+358 19 267 6700Osoite Esplanaadi 13010900 HankoS\u00e4hk\u00f6posti office@hav.fiAukioloajat Arkisin 8-17, La 9-13<\/p>\n","protected":false},"author":5,"featured_media":0,"parent":0,"menu_order":0,"comment_status":"closed","ping_status":"closed","template":"","meta":{"_et_pb_use_builder":"on","_et_pb_old_content":"<!-- wp:divi\/placeholder \/-->","_et_gb_content_width":"","footnotes":""},"class_list":["post-5571","page","type-page","status-publish","hentry"],"jetpack_shortlink":"https:\/\/wp.me\/P8nnWa-1rR","jetpack_sharing_enabled":true,"_links":{"self":[{"href":"https:\/\/hav.fi\/fi\/wp-json\/wp\/v2\/pages\/5571","targetHints":{"allow":["GET"]}}],"collection":[{"href":"https:\/\/hav.fi\/fi\/wp-json\/wp\/v2\/pages"}],"about":[{"href":"https:\/\/hav.fi\/fi\/wp-json\/wp\/v2\/types\/page"}],"author":[{"embeddable":true,"href":"https:\/\/hav.fi\/fi\/wp-json\/wp\/v2\/users\/5"}],"replies":[{"embeddable":true,"href":"https:\/\/hav.fi\/fi\/wp-json\/wp\/v2\/comments?post=5571"}],"version-history":[{"count":13,"href":"https:\/\/hav.fi\/fi\/wp-json\/wp\/v2\/pages\/5571\/revisions"}],"predecessor-version":[{"id":5602,"href":"https:\/\/hav.fi\/fi\/wp-json\/wp\/v2\/pages\/5571\/revisions\/5602"}],"wp:attachment":[{"href":"https:\/\/hav.fi\/fi\/wp-json\/wp\/v2\/media?parent=5571"}],"curies":[{"name":"wp","href":"https:\/\/api.w.org\/{rel}","templated":true}]}}