{"id":4987,"date":"2022-09-14T15:35:11","date_gmt":"2022-09-14T12:35:11","guid":{"rendered":"https:\/\/hav.fi\/4982-2\/"},"modified":"2022-09-14T15:50:07","modified_gmt":"2022-09-14T12:50:07","slug":"4982-2","status":"publish","type":"page","link":"https:\/\/hav.fi\/fi\/4982-2\/","title":{"rendered":"Tack f\u00f6r formul\u00e4ret"},"content":{"rendered":"<p>[et_pb_section fb_built=&#8221;1&#8243; _builder_version=&#8221;4.18.0&#8243; _module_preset=&#8221;default&#8221; global_colors_info=&#8221;{}&#8221;][et_pb_row _builder_version=&#8221;4.18.0&#8243; _module_preset=&#8221;default&#8221; background_color=&#8221;#348ab7&#8243; min_height=&#8221;653.6px&#8221; custom_padding=&#8221;286px|||||&#8221; global_colors_info=&#8221;{}&#8221;][et_pb_column type=&#8221;4_4&#8243; _builder_version=&#8221;4.18.0&#8243; _module_preset=&#8221;default&#8221; global_colors_info=&#8221;{}&#8221;][et_pb_text _builder_version=&#8221;4.18.0&#8243; _module_preset=&#8221;default&#8221; text_font=&#8221;Lato||||||||&#8221; text_text_color=&#8221;#FFFFFF&#8221; text_font_size=&#8221;60px&#8221; background_color=&#8221;RGBA(255,255,255,0)&#8221; text_orientation=&#8221;center&#8221; width=&#8221;100%&#8221; custom_padding=&#8221;||48px|||&#8221; text_font_size_tablet=&#8221;36px&#8221; text_font_size_phone=&#8221;27px&#8221; text_font_size_last_edited=&#8221;on|desktop&#8221; global_colors_info=&#8221;{}&#8221;]<\/p>\n<p class=\"tw-data-text tw-text-large tw-ta\" data-placeholder=\"\u00d6vers\u00e4ttning\" id=\"tw-target-text\" dir=\"ltr\"><span class=\"Y2IQFc\" lang=\"fi\">Kiitos lomakkeen t\u00e4ytt\u00e4misest\u00e4!<\/span><\/p>\n<p>[\/et_pb_text][et_pb_button button_url=&#8221;https:\/\/hav.fi\/fi\/&#8221; button_text=&#8221;Takaisin etusivulle&#8221; button_alignment=&#8221;center&#8221; _builder_version=&#8221;4.18.0&#8243; _module_preset=&#8221;default&#8221; custom_button=&#8221;on&#8221; button_text_size=&#8221;20px&#8221; button_text_color=&#8221;#FFFFFF&#8221; hover_enabled=&#8221;0&#8243; global_colors_info=&#8221;{}&#8221; sticky_enabled=&#8221;0&#8243;][\/et_pb_button][\/et_pb_column][\/et_pb_row][\/et_pb_section]<\/p>\n","protected":false},"excerpt":{"rendered":"<p>Kiitos lomakkeen t\u00e4ytt\u00e4misest\u00e4!<\/p>\n","protected":false},"author":4,"featured_media":0,"parent":0,"menu_order":0,"comment_status":"closed","ping_status":"closed","template":"","meta":{"_et_pb_use_builder":"on","_et_pb_old_content":"","_et_gb_content_width":"","footnotes":""},"class_list":["post-4987","page","type-page","status-publish","hentry"],"jetpack_shortlink":"https:\/\/wp.me\/P8nnWa-1ir","jetpack_sharing_enabled":true,"_links":{"self":[{"href":"https:\/\/hav.fi\/fi\/wp-json\/wp\/v2\/pages\/4987","targetHints":{"allow":["GET"]}}],"collection":[{"href":"https:\/\/hav.fi\/fi\/wp-json\/wp\/v2\/pages"}],"about":[{"href":"https:\/\/hav.fi\/fi\/wp-json\/wp\/v2\/types\/page"}],"author":[{"embeddable":true,"href":"https:\/\/hav.fi\/fi\/wp-json\/wp\/v2\/users\/4"}],"replies":[{"embeddable":true,"href":"https:\/\/hav.fi\/fi\/wp-json\/wp\/v2\/comments?post=4987"}],"version-history":[{"count":3,"href":"https:\/\/hav.fi\/fi\/wp-json\/wp\/v2\/pages\/4987\/revisions"}],"predecessor-version":[{"id":4998,"href":"https:\/\/hav.fi\/fi\/wp-json\/wp\/v2\/pages\/4987\/revisions\/4998"}],"wp:attachment":[{"href":"https:\/\/hav.fi\/fi\/wp-json\/wp\/v2\/media?parent=4987"}],"curies":[{"name":"wp","href":"https:\/\/api.w.org\/{rel}","templated":true}]}}