{"id":4061,"date":"2022-01-31T14:35:12","date_gmt":"2022-01-31T12:35:12","guid":{"rendered":"https:\/\/hav.fi\/terhi\/terhi-385\/"},"modified":"2025-12-17T15:54:42","modified_gmt":"2025-12-17T13:54:42","slug":"terhi-385","status":"publish","type":"page","link":"https:\/\/hav.fi\/fi\/terhi\/terhi-385\/","title":{"rendered":"Terhi 385"},"content":{"rendered":"<p>[et_pb_section fb_built=&#8221;1&#8243; custom_padding_last_edited=&#8221;on|tablet&#8221; admin_label=&#8221;Hero&#8221; _builder_version=&#8221;4.27.5&#8243; use_background_color_gradient=&#8221;on&#8221; background_color_gradient_stops=&#8221;rgba(27,31,37,0.2) 0%|#1b1f25 100%&#8221; background_color_gradient_overlays_image=&#8221;on&#8221; background_color_gradient_start=&#8221;rgba(27,31,37,0.2)&#8221; background_color_gradient_end=&#8221;#1b1f25&#8243; background_image=&#8221;https:\/\/hav.fi\/wp-content\/uploads\/2025\/12\/terhi-390.jpg&#8221; custom_margin=&#8221;0px|||&#8221; custom_padding=&#8221;0px|10%|0px|10%|true|true&#8221; custom_padding_tablet=&#8221;|30px||30px||true&#8221; custom_padding_phone=&#8221;|||||true&#8221; locked=&#8221;off&#8221; global_colors_info=&#8221;{}&#8221;][et_pb_row padding_top_bottom_link_1=&#8221;true&#8221; padding_left_right_link_1=&#8221;true&#8221; _builder_version=&#8221;4.16&#8243; background_size=&#8221;initial&#8221; background_position=&#8221;top_left&#8221; width=&#8221;100%&#8221; max_width=&#8221;100%&#8221; custom_margin=&#8221;|||&#8221; custom_padding=&#8221;0||0px||false|false&#8221; use_custom_width=&#8221;on&#8221; width_unit=&#8221;off&#8221; custom_width_percent=&#8221;100%&#8221; global_colors_info=&#8221;{}&#8221;][et_pb_column type=&#8221;4_4&#8243; _builder_version=&#8221;4.16&#8243; custom_padding=&#8221;12vw|40px|12vw|40px&#8221; custom_padding_tablet=&#8221;|||&#8221; custom_padding_phone=&#8221;|10px||10px||true&#8221; custom_padding_last_edited=&#8221;on|desktop&#8221; global_colors_info=&#8221;{}&#8221; padding_phone=&#8221;|10px||10px||true&#8221; padding_tablet=&#8221;|||&#8221; padding_last_edited=&#8221;on|desktop&#8221; custom_padding__hover=&#8221;|||&#8221;][et_pb_text _builder_version=&#8221;4.16&#8243; text_font=&#8221;Lato||||||||&#8221; text_font_size=&#8221;20px&#8221; text_line_height=&#8221;1.8em&#8221; header_font=&#8221;Teko|500||on|||||&#8221; header_text_align=&#8221;center&#8221; header_font_size=&#8221;9vw&#8221; header_letter_spacing=&#8221;0.05em&#8221; header_line_height=&#8221;0.9em&#8221; background_layout=&#8221;dark&#8221; custom_margin_tablet=&#8221;&#8221; custom_margin_phone=&#8221;&#8221; custom_margin_last_edited=&#8221;on|desktop&#8221; animation_style=&#8221;zoom&#8221; animation_delay=&#8221;100ms&#8221; animation_intensity_zoom=&#8221;10%&#8221; header_font_size_tablet=&#8221;&#8221; header_font_size_phone=&#8221;&#8221; header_font_size_last_edited=&#8221;on|phone&#8221; header_line_height_tablet=&#8221;&#8221; header_line_height_phone=&#8221;1.2em&#8221; header_line_height_last_edited=&#8221;on|phone&#8221; header_text_shadow_style=&#8221;preset1&#8243; header_text_shadow_vertical_length=&#8221;0.18em&#8221; header_text_shadow_blur_strength=&#8221;0.27em&#8221; header_text_shadow_color=&#8221;rgba(0,0,0,0.38)&#8221; global_colors_info=&#8221;{}&#8221;]<\/p>\n<h1>Terhi 390<\/h1>\n<p>[\/et_pb_text][\/et_pb_column][\/et_pb_row][\/et_pb_section][et_pb_section fb_built=&#8221;1&#8243; specialty=&#8221;on&#8221; _builder_version=&#8221;4.16&#8243; _module_preset=&#8221;default&#8221; custom_padding=&#8221;||0px|||&#8221; global_colors_info=&#8221;{}&#8221;][et_pb_column type=&#8221;1_2&#8243; _builder_version=&#8221;4.16&#8243; custom_padding=&#8221;|||&#8221; global_colors_info=&#8221;{}&#8221; custom_padding__hover=&#8221;|||&#8221;][et_pb_text admin_label=&#8221;Title&#8221; _builder_version=&#8221;4.27.5&#8243; text_font=&#8221;Lato||||||||&#8221; text_font_size=&#8221;20px&#8221; text_line_height=&#8221;1.8em&#8221; ul_font=&#8221;||||||||&#8221; header_font=&#8221;||||||||&#8221; header_3_font=&#8221;Teko|500|||||||&#8221; header_3_font_size=&#8221;40px&#8221; header_4_font=&#8221;||||||||&#8221; locked=&#8221;off&#8221; global_colors_info=&#8221;{}&#8221;]<\/p>\n<h2 class=\"flex flex-col gap-y-s\"><span class=\"headline-l\">M\u00f6kkirannan soutuvenesuosikki Terhi 390<\/span><\/h2>\n<div class=\"medium body-s\">\n<p>Terhi 390 on malliston uusin soutuvene, joka on suuntavakaa sek\u00e4 miellytt\u00e4v\u00e4 ja helppo soutaa. T\u00e4m\u00e4 m\u00f6kkirannan suosikkimalli kulkee my\u00f6s hienosti pienell\u00e4 poltto- tai s\u00e4hk\u00f6per\u00e4moottorilla. Terhi 390 -nime\u00e4 kantava vene on pitk\u00e4\u00e4n odotettu seuraaja Terhin soutuvenemalliston pitk\u00e4aikaiselle suosikille Terhi 385:lle, jota valmistettiin yli 40 vuoden ajan ja reippaasti yli 40 000 kpl. Terhi 390:n puhtaanvalkoinen runkov\u00e4ri sek\u00e4 huolella suunnitellut yksityiskohdat ovat soutamisen helppouden lis\u00e4ksi veneen suurimpia valtteja ja se onkin vastaanotettu eritt\u00e4in hyvin m\u00f6kkeilij\u00f6iden keskuudessa.<\/p>\n<p><strong>Kevysti soutaen tai pienell\u00e4 per\u00e4moottorilla<\/strong><\/p>\n<p>Terhi 390:n ehdottomiin valtteihin kuuluvat etenkin veneen kevyt ja helppo soudettavuus sek\u00e4 suuntavakaus. Soutajan ergonomiaan on my\u00f6s kiinnitetty huomiota, jotta veneess\u00e4 on mahdollisimman mukava matkata my\u00f6s ilman moottoria. Venett\u00e4 voi soutaa joko keski- tai keulapenkilt\u00e4, ja veneen pohjaturkista l\u00f6ytyy jalkatuet eripituisille soutajille. Keskipenkin siirrett\u00e4vyys auttaa my\u00f6s l\u00f6yt\u00e4m\u00e4\u00e4n jokaiselle soutajalle mukavan soutuasennon. Per\u00e4peilin yl\u00e4reunassa on lis\u00e4ksi airojen lavoille k\u00e4tev\u00e4t urat, joihin airot on helppo nostaa lep\u00e4\u00e4m\u00e4\u00e4n, kun soutamisesta pidet\u00e4\u00e4n tauko.<\/p>\n<p>Terhi 390 -soutuvene kulkee my\u00f6s n\u00e4pp\u00e4r\u00e4sti pienell\u00e4 per\u00e4moottorilla, ja per\u00e4peiliin voi asentaa joko perinteisen polttoper\u00e4moottorin tai s\u00e4hk\u00f6per\u00e4moottorin. Mik\u00e4li moottoriksi valitsee s\u00e4hk\u00f6per\u00e4moottorin, on vakiokeskipenkin p\u00e4\u00e4lle asennettavissa aurinkopaneeli, joka mahdollistaa akun lataamisen aurinkoenergian avulla.\u00a0<\/p>\n<p><strong>Varusteltavissa s\u00e4hk\u00f6veneeksi<\/strong><\/p>\n<p>Veneiss\u00e4 k\u00e4ytet\u00e4\u00e4n yh\u00e4 enemm\u00e4n elektroniikkaa niin kalastuksen kuin s\u00e4hk\u00f6per\u00e4moottoreiden k\u00e4yt\u00f6n lis\u00e4\u00e4ntymisen my\u00f6t\u00e4. T\u00e4st\u00e4 syyst\u00e4 soutuveneess\u00e4mme on my\u00f6s useita vaihtoehtoja, mihin akku akkukoteloineen voidaan sijoittaa. Terhi 390:ss\u00e4 Terhi-akkukotelon voi sijoittaa per\u00e4ti nelj\u00e4\u00e4n eri paikkaan: etupenkin, keskipenkin tai takapenkin alle, tai takapenkin ja per\u00e4peilin v\u00e4liin. Keskipenkin alta takapenkin alle kulkee kaapeliputkitus, joka mahdollistaa akun sijoittamisen keskipenkin alle. Ilman akkukoteloa akun voi sijoittaa lis\u00e4ksi lis\u00e4varusteena myyt\u00e4v\u00e4n istuin-\/s\u00e4ilytyslaatikon sis\u00e4\u00e4n. Veneeseen on helposti asennettavissa my\u00f6s keulamoottori lis\u00e4varusteena saatavan keulamoottorin kiinnityslevyn avulla, jolloin keulamoottorin akku sijoittuu luonnollisesti keulan s\u00e4ilytystilaan.<\/p>\n<p><strong>Monipuoliset s\u00e4ilytystilat<\/strong><\/p>\n<p>Terhi 390 -mallissa on edelt\u00e4j\u00e4\u00e4ns\u00e4 reilummin s\u00e4ilytystilaa. Takapenkin alla on lukittava tavaratila, josta saa t\u00e4ysin suljetun s\u00e4ilytystilan varustamalla takapenkin etu- ja takalaipiolla. Takapenkin laipiot ovat veneess\u00e4 lis\u00e4varusteena. Per\u00e4n sivuissa on my\u00f6s kaksi avointa k\u00f6ysi-\/ankkurilokeroa. Keulaistuimen alla on entist\u00e4 reilumpi s\u00e4ilytystila, joka on varustettu etulaipiolla tehden keulan s\u00e4ilytystilasta s\u00e4\u00e4lt\u00e4 suojatun.<\/p>\n<p><strong>Lis\u00e4varusteilla lis\u00e4mukavuutta<\/strong><\/p>\n<p>Terhi 390 -veneeseen on lis\u00e4varusteena saatavana my\u00f6s aivan uudenlainen, rotaatiovalettu tilava s\u00e4ilytyslaatikko keskipenkiksi. Istuinlaatikko on irrotettavissa, lukittavissa paikalleen ja siihen mahtuu tarvittaessa my\u00f6s normaali 110 Ah akku (ilman akkukoteloa). Mukitelineet ja pientavaran s\u00e4ilytyskotelo penkin istuinpinnalla lis\u00e4\u00e4v\u00e4t k\u00e4ytett\u00e4vyytt\u00e4. Istuinlaatikossa on my\u00f6s kondenssiveden poistoputki. Istuinlaatikko, kuten vakiona veneen hintaan kuuluva perinteinen vanerinen keskipenkki, on kiinnitett\u00e4viss\u00e4 kolmeen eri kiinnityspaikkaan, joista yhdess\u00e4 on lukitusmahdollisuus. Veneen muihin parannuksiin lukeutuu mm. lis\u00e4varusteena saatava keulan vetotanko, jonka avulla vene on helpompi vet\u00e4\u00e4 rantaan.<\/p>\n<p><strong>Entist\u00e4kin turvallisemmat ominaisuudet<\/strong><\/p>\n<p>Veneen laidat ovat hiukan edelt\u00e4j\u00e4\u00e4ns\u00e4 korkeammat, joten uutuusmalli on my\u00f6s edelt\u00e4j\u00e4\u00e4ns\u00e4 asteen turvallisempi. Terhi 390 on luonnollisesti my\u00f6s sadevesityhjentyv\u00e4. Pohjal\u00e4piviennin p\u00e4\u00e4lle on lis\u00e4varusteena ostettavissa ritil\u00e4, joka tehokkaasti est\u00e4\u00e4 l\u00e4piviennin tukkeutumisen. Veneen per\u00e4peiliss\u00e4 on my\u00f6s l\u00e4pivienti, joka pit\u00e4\u00e4 huolen, ett\u00e4 sadevesi poistuu veneest\u00e4 sen ollessa rannalle vedettyn\u00e4. Terhin valmistustekniikan ansioista veneet ovat monia kilpailijoita viimeistellympi\u00e4, ja ainutlaatuisen, kelluttavan sandwich-rakenteensa vuoksi veneet ovat k\u00e4yt\u00e4nn\u00f6ss\u00e4 uppoamattomia.<\/p>\n<p><span>Valitse kolmesta v\u00e4rist\u00e4<\/span><\/p>\n<p>Terhi 390 -soutuvene valmistetaan puhtaan valkoisena, <a href=\"https:\/\/terhi.fi\/mallisto\/terhi-390-green\/\">vihre\u00e4n\u00e4<\/a> sek\u00e4 <a href=\"https:\/\/terhi.fi\/mallisto\/terhi-390-orange\/\">retro-oranssina<\/a>. Sisusta on kaikissa valkoinen.<\/p>\n<\/div>\n<p>[\/et_pb_text][\/et_pb_column][et_pb_column type=&#8221;1_2&#8243; specialty_columns=&#8221;2&#8243; _builder_version=&#8221;4.16&#8243; custom_padding=&#8221;|||&#8221; global_colors_info=&#8221;{}&#8221; custom_padding__hover=&#8221;|||&#8221;][et_pb_row_inner column_structure=&#8221;1_3,1_3,1_3&#8243; _builder_version=&#8221;4.16&#8243; _module_preset=&#8221;default&#8221; global_colors_info=&#8221;{}&#8221;][et_pb_column_inner type=&#8221;1_3&#8243; saved_specialty_column_type=&#8221;1_2&#8243; _builder_version=&#8221;4.16&#8243; _module_preset=&#8221;default&#8221; global_colors_info=&#8221;{}&#8221;][et_pb_text admin_label=&#8221;Title&#8221; _builder_version=&#8221;4.27.5&#8243; text_font=&#8221;Lato||||||||&#8221; text_font_size=&#8221;20px&#8221; text_line_height=&#8221;1.8em&#8221; ul_font=&#8221;||||||||&#8221; header_font=&#8221;Teko|500|||||||&#8221; header_3_font=&#8221;Teko|500|||||||&#8221; header_3_font_size=&#8221;20px&#8221; header_3_line_height=&#8221;0.1em&#8221; header_4_font=&#8221;||||||||&#8221; locked=&#8221;off&#8221; global_colors_info=&#8221;{}&#8221;]<\/p>\n<h3>Pituus<\/h3>\n<h1>3,8 m<\/h1>\n<p>[\/et_pb_text][\/et_pb_column_inner][et_pb_column_inner type=&#8221;1_3&#8243; saved_specialty_column_type=&#8221;1_2&#8243; _builder_version=&#8221;4.16&#8243; _module_preset=&#8221;default&#8221; global_colors_info=&#8221;{}&#8221;][et_pb_text admin_label=&#8221;Title&#8221; _builder_version=&#8221;4.16&#8243; text_font=&#8221;Lato||||||||&#8221; text_font_size=&#8221;20px&#8221; text_line_height=&#8221;1.8em&#8221; ul_font=&#8221;||||||||&#8221; header_font=&#8221;Teko|500|||||||&#8221; header_3_font=&#8221;Teko|500|||||||&#8221; header_3_font_size=&#8221;20px&#8221; header_3_line_height=&#8221;0.1em&#8221; header_4_font=&#8221;||||||||&#8221; locked=&#8221;off&#8221; global_colors_info=&#8221;{}&#8221;]<\/p>\n<h3>Leveys<\/h3>\n<h1>1,5 m<\/h1>\n<p>[\/et_pb_text][\/et_pb_column_inner][et_pb_column_inner type=&#8221;1_3&#8243; saved_specialty_column_type=&#8221;1_2&#8243; _builder_version=&#8221;4.16&#8243; _module_preset=&#8221;default&#8221; global_colors_info=&#8221;{}&#8221;][et_pb_text admin_label=&#8221;Title&#8221; _builder_version=&#8221;4.16&#8243; text_font=&#8221;Lato||||||||&#8221; text_font_size=&#8221;20px&#8221; text_line_height=&#8221;1.8em&#8221; ul_font=&#8221;||||||||&#8221; header_font=&#8221;Teko|500|||||||&#8221; header_3_font=&#8221;Teko|500|||||||&#8221; header_3_font_size=&#8221;20px&#8221; header_3_line_height=&#8221;0.1em&#8221; header_4_font=&#8221;||||||||&#8221; locked=&#8221;off&#8221; global_colors_info=&#8221;{}&#8221;]<\/p>\n<h3>Max moottoriteho<\/h3>\n<h1>6 HK<\/h1>\n<p>[\/et_pb_text][\/et_pb_column_inner][\/et_pb_row_inner][et_pb_row_inner column_structure=&#8221;4_4,1_3,1_3&#8243; _builder_version=&#8221;4.27.5&#8243; _module_preset=&#8221;default&#8221; global_colors_info=&#8221;{}&#8221;][et_pb_column_inner saved_specialty_column_type=&#8221;1_2&#8243; _builder_version=&#8221;4.16&#8243; _module_preset=&#8221;default&#8221; global_colors_info=&#8221;{}&#8221;][\/et_pb_column_inner][et_pb_column_inner type=&#8221;1_3&#8243; saved_specialty_column_type=&#8221;1_2&#8243; _builder_version=&#8221;4.16&#8243; _module_preset=&#8221;default&#8221; global_colors_info=&#8221;{}&#8221;][\/et_pb_column_inner][et_pb_column_inner type=&#8221;1_3&#8243; saved_specialty_column_type=&#8221;1_2&#8243; _builder_version=&#8221;4.16&#8243; _module_preset=&#8221;default&#8221; global_colors_info=&#8221;{}&#8221;][\/et_pb_column_inner][\/et_pb_row_inner][\/et_pb_column][\/et_pb_section][et_pb_section fb_built=&#8221;1&#8243; _builder_version=&#8221;4.16&#8243; _module_preset=&#8221;default&#8221; global_colors_info=&#8221;{}&#8221;][et_pb_row column_structure=&#8221;1_3,1_3,1_3&#8243; _builder_version=&#8221;4.16&#8243; _module_preset=&#8221;default&#8221; global_colors_info=&#8221;{}&#8221;][et_pb_column type=&#8221;1_3&#8243; _builder_version=&#8221;4.16&#8243; _module_preset=&#8221;default&#8221; global_colors_info=&#8221;{}&#8221;][et_pb_image src=&#8221;https:\/\/hav.fi\/wp-content\/uploads\/2025\/12\/terhi390_3.jpg&#8221; title_text=&#8221;terhi390_3&#8243; show_in_lightbox=&#8221;on&#8221; align=&#8221;center&#8221; _builder_version=&#8221;4.27.5&#8243; _module_preset=&#8221;default&#8221; global_colors_info=&#8221;{}&#8221;][\/et_pb_image][\/et_pb_column][et_pb_column type=&#8221;1_3&#8243; _builder_version=&#8221;4.16&#8243; _module_preset=&#8221;default&#8221; global_colors_info=&#8221;{}&#8221;][et_pb_image src=&#8221;https:\/\/hav.fi\/wp-content\/uploads\/2025\/12\/terhi390_2.jpg&#8221; title_text=&#8221;terhi390_2&#8243; show_in_lightbox=&#8221;on&#8221; align=&#8221;center&#8221; _builder_version=&#8221;4.27.5&#8243; _module_preset=&#8221;default&#8221; global_colors_info=&#8221;{}&#8221;][\/et_pb_image][\/et_pb_column][et_pb_column type=&#8221;1_3&#8243; _builder_version=&#8221;4.16&#8243; _module_preset=&#8221;default&#8221; global_colors_info=&#8221;{}&#8221;][et_pb_image src=&#8221;https:\/\/hav.fi\/wp-content\/uploads\/2025\/12\/terhi-390.jpg&#8221; title_text=&#8221;terhi 390&#8243; show_in_lightbox=&#8221;on&#8221; align=&#8221;center&#8221; _builder_version=&#8221;4.27.5&#8243; _module_preset=&#8221;default&#8221; global_colors_info=&#8221;{}&#8221;][\/et_pb_image][\/et_pb_column][\/et_pb_row][et_pb_row column_structure=&#8221;1_2,1_2&#8243; _builder_version=&#8221;4.16&#8243; _module_preset=&#8221;default&#8221; global_colors_info=&#8221;{}&#8221;][et_pb_column type=&#8221;1_2&#8243; _builder_version=&#8221;4.16&#8243; _module_preset=&#8221;default&#8221; global_colors_info=&#8221;{}&#8221;][et_pb_text _builder_version=&#8221;4.27.5&#8243; _module_preset=&#8221;default&#8221; text_font=&#8221;Lato||||||||&#8221; text_font_size=&#8221;20px&#8221; text_line_height=&#8221;1.8em&#8221; ul_font=&#8221;||||||||&#8221; header_font=&#8221;||||||||&#8221; header_3_font=&#8221;Teko|500|||||||&#8221; header_3_font_size=&#8221;40px&#8221; header_4_font=&#8221;||||||||&#8221; global_colors_info=&#8221;{}&#8221;][\/et_pb_text][\/et_pb_column][et_pb_column type=&#8221;1_2&#8243; _builder_version=&#8221;4.16&#8243; _module_preset=&#8221;default&#8221; global_colors_info=&#8221;{}&#8221;][\/et_pb_column][\/et_pb_row][et_pb_row column_structure=&#8221;1_3,1_3,1_3&#8243; _builder_version=&#8221;4.16&#8243; _module_preset=&#8221;default&#8221; global_colors_info=&#8221;{}&#8221;][et_pb_column type=&#8221;1_3&#8243; _builder_version=&#8221;4.16&#8243; _module_preset=&#8221;default&#8221; global_colors_info=&#8221;{}&#8221;][\/et_pb_column][et_pb_column type=&#8221;1_3&#8243; _builder_version=&#8221;4.16&#8243; _module_preset=&#8221;default&#8221; global_colors_info=&#8221;{}&#8221;][\/et_pb_column][et_pb_column type=&#8221;1_3&#8243; _builder_version=&#8221;4.16&#8243; _module_preset=&#8221;default&#8221; global_colors_info=&#8221;{}&#8221;][\/et_pb_column][\/et_pb_row][et_pb_row column_structure=&#8221;1_3,1_3,1_3&#8243; _builder_version=&#8221;4.16&#8243; _module_preset=&#8221;default&#8221; global_colors_info=&#8221;{}&#8221;][et_pb_column type=&#8221;1_3&#8243; _builder_version=&#8221;4.16&#8243; _module_preset=&#8221;default&#8221; global_colors_info=&#8221;{}&#8221;][\/et_pb_column][et_pb_column type=&#8221;1_3&#8243; _builder_version=&#8221;4.16&#8243; _module_preset=&#8221;default&#8221; global_colors_info=&#8221;{}&#8221;][\/et_pb_column][et_pb_column type=&#8221;1_3&#8243; _builder_version=&#8221;4.16&#8243; _module_preset=&#8221;default&#8221; global_colors_info=&#8221;{}&#8221;][\/et_pb_column][\/et_pb_row][\/et_pb_section][et_pb_section fb_built=&#8221;1&#8243; prev_background_color=&#8221;#ffffff&#8221; admin_label=&#8221;Financing&#8221; _builder_version=&#8221;4.16&#8243; use_background_color_gradient=&#8221;on&#8221; background_color_gradient_stops=&#8221;rgba(27,31,37,0.3) 0%|#1b1f25 100%&#8221; background_color_gradient_overlays_image=&#8221;on&#8221; background_color_gradient_start=&#8221;rgba(27,31,37,0.3)&#8221; background_color_gradient_end=&#8221;#1b1f25&#8243; background_image=&#8221;https:\/\/hav.fi\/\/wp-content\/uploads\/2020\/02\/Hav-thumbnail-3.jpg&#8221; custom_padding=&#8221;250px||0px||false|false&#8221; top_divider_style=&#8221;arrow&#8221; top_divider_height_tablet=&#8221;&#8221; top_divider_height_phone=&#8221;50px&#8221; top_divider_height_last_edited=&#8221;on|phone&#8221; global_colors_info=&#8221;{}&#8221;][et_pb_row module_class=&#8221; et_pb_row_fullwidth&#8221; _builder_version=&#8221;4.16&#8243; width=&#8221;89%&#8221; width_tablet=&#8221;80%&#8221; width_phone=&#8221;&#8221; width_last_edited=&#8221;on|desktop&#8221; max_width=&#8221;89%&#8221; max_width_tablet=&#8221;80%&#8221; max_width_phone=&#8221;&#8221; max_width_last_edited=&#8221;on|desktop&#8221; custom_margin=&#8221;|||&#8221; custom_padding=&#8221;0|0px|0px|0px|false|false&#8221; make_fullwidth=&#8221;on&#8221; global_colors_info=&#8221;{}&#8221;][et_pb_column type=&#8221;4_4&#8243; _builder_version=&#8221;4.16&#8243; custom_padding=&#8221;|||&#8221; global_colors_info=&#8221;{}&#8221; custom_padding__hover=&#8221;|||&#8221;][et_pb_text _builder_version=&#8221;4.16&#8243; text_font=&#8221;||||||||&#8221; header_font=&#8221;||||||||&#8221; header_line_height=&#8221;0.7em&#8221; header_2_font=&#8221;Teko|500||on|||||&#8221; header_2_text_color=&#8221;#ffffff&#8221; header_2_font_size=&#8221;9vw&#8221; header_2_line_height=&#8221;1.2em&#8221; text_orientation=&#8221;center&#8221; animation_style=&#8221;zoom&#8221; animation_delay=&#8221;100ms&#8221; animation_intensity_zoom=&#8221;20%&#8221; header_line_height_tablet=&#8221;&#8221; header_line_height_phone=&#8221;1.2em&#8221; header_line_height_last_edited=&#8221;on|phone&#8221; global_colors_info=&#8221;{}&#8221;]<\/p>\n<h2>Rahoitus ilman k\u00e4siraha<\/h2>\n<p>[\/et_pb_text][\/et_pb_column][\/et_pb_row][et_pb_row _builder_version=&#8221;4.16&#8243; custom_margin=&#8221;|||&#8221; custom_padding=&#8221;||0px|&#8221; locked=&#8221;off&#8221; global_colors_info=&#8221;{}&#8221;][et_pb_column type=&#8221;4_4&#8243; _builder_version=&#8221;4.16&#8243; custom_padding=&#8221;|||&#8221; global_colors_info=&#8221;{}&#8221; custom_padding__hover=&#8221;|||&#8221;][et_pb_button button_url=&#8221;https:\/\/hav.fi\/fi\/rahoitus\/&#8221; button_text=&#8221;Hae rahoitusta&#8221; button_alignment=&#8221;center&#8221; _builder_version=&#8221;4.27.5&#8243; custom_button=&#8221;on&#8221; button_text_size=&#8221;16px&#8221; button_bg_color=&#8221;#348ab7&#8243; button_border_width=&#8221;8px&#8221; button_border_color=&#8221;#348ab7&#8243; button_border_radius=&#8221;0px&#8221; button_letter_spacing=&#8221;4px&#8221; button_font=&#8221;Teko|700||on|||||&#8221; button_icon=&#8221;&#x24;||divi||400&#8243; background_layout=&#8221;dark&#8221; global_colors_info=&#8221;{}&#8221; button_text_size__hover_enabled=&#8221;off&#8221; button_one_text_size__hover_enabled=&#8221;off&#8221; button_two_text_size__hover_enabled=&#8221;off&#8221; button_text_color__hover_enabled=&#8221;off&#8221; button_one_text_color__hover_enabled=&#8221;off&#8221; button_two_text_color__hover_enabled=&#8221;off&#8221; button_border_width__hover_enabled=&#8221;off&#8221; button_one_border_width__hover_enabled=&#8221;off&#8221; button_two_border_width__hover_enabled=&#8221;off&#8221; button_border_color__hover_enabled=&#8221;off&#8221; button_one_border_color__hover_enabled=&#8221;off&#8221; button_two_border_color__hover_enabled=&#8221;off&#8221; button_border_radius__hover_enabled=&#8221;off&#8221; button_one_border_radius__hover_enabled=&#8221;off&#8221; button_two_border_radius__hover_enabled=&#8221;off&#8221; button_letter_spacing__hover_enabled=&#8221;off&#8221; button_one_letter_spacing__hover_enabled=&#8221;off&#8221; button_two_letter_spacing__hover_enabled=&#8221;off&#8221; button_bg_color__hover_enabled=&#8221;off&#8221; button_one_bg_color__hover_enabled=&#8221;off&#8221; button_two_bg_color__hover_enabled=&#8221;off&#8221;][\/et_pb_button][\/et_pb_column][\/et_pb_row][\/et_pb_section]<\/p>\n","protected":false},"excerpt":{"rendered":"<p>Terhi 390M\u00f6kkirannan soutuvenesuosikki Terhi 390 Terhi 390 on malliston uusin soutuvene, joka on suuntavakaa sek\u00e4 miellytt\u00e4v\u00e4 ja helppo soutaa. T\u00e4m\u00e4 m\u00f6kkirannan suosikkimalli kulkee my\u00f6s hienosti pienell\u00e4 poltto- tai s\u00e4hk\u00f6per\u00e4moottorilla. Terhi 390 -nime\u00e4 kantava vene on pitk\u00e4\u00e4n odotettu seuraaja Terhin soutuvenemalliston pitk\u00e4aikaiselle suosikille Terhi 385:lle, jota valmistettiin yli 40 vuoden ajan ja reippaasti yli 40 000 [&hellip;]<\/p>\n","protected":false},"author":4,"featured_media":0,"parent":3901,"menu_order":0,"comment_status":"closed","ping_status":"closed","template":"","meta":{"_et_pb_use_builder":"on","_et_pb_old_content":"","_et_gb_content_width":"","footnotes":""},"class_list":["post-4061","page","type-page","status-publish","hentry"],"jetpack_shortlink":"https:\/\/wp.me\/P8nnWa-13v","jetpack_sharing_enabled":true,"_links":{"self":[{"href":"https:\/\/hav.fi\/fi\/wp-json\/wp\/v2\/pages\/4061","targetHints":{"allow":["GET"]}}],"collection":[{"href":"https:\/\/hav.fi\/fi\/wp-json\/wp\/v2\/pages"}],"about":[{"href":"https:\/\/hav.fi\/fi\/wp-json\/wp\/v2\/types\/page"}],"author":[{"embeddable":true,"href":"https:\/\/hav.fi\/fi\/wp-json\/wp\/v2\/users\/4"}],"replies":[{"embeddable":true,"href":"https:\/\/hav.fi\/fi\/wp-json\/wp\/v2\/comments?post=4061"}],"version-history":[{"count":10,"href":"https:\/\/hav.fi\/fi\/wp-json\/wp\/v2\/pages\/4061\/revisions"}],"predecessor-version":[{"id":6092,"href":"https:\/\/hav.fi\/fi\/wp-json\/wp\/v2\/pages\/4061\/revisions\/6092"}],"up":[{"embeddable":true,"href":"https:\/\/hav.fi\/fi\/wp-json\/wp\/v2\/pages\/3901"}],"wp:attachment":[{"href":"https:\/\/hav.fi\/fi\/wp-json\/wp\/v2\/media?parent=4061"}],"curies":[{"name":"wp","href":"https:\/\/api.w.org\/{rel}","templated":true}]}}