{"id":3989,"date":"2020-11-18T14:39:38","date_gmt":"2020-11-18T12:39:38","guid":{"rendered":"https:\/\/hav.fi\/anytec\/anytec-a30\/"},"modified":"2022-02-08T14:56:11","modified_gmt":"2022-02-08T12:56:11","slug":"anytec-a30","status":"publish","type":"page","link":"https:\/\/hav.fi\/fi\/anytec\/anytec-a30\/","title":{"rendered":"Anytec A30"},"content":{"rendered":"<p>[et_pb_section fb_built=&#8221;1&#8243; custom_padding_last_edited=&#8221;on|tablet&#8221; admin_label=&#8221;Hero&#8221; _builder_version=&#8221;4.14.6&#8243; use_background_color_gradient=&#8221;on&#8221; background_color_gradient_start=&#8221;rgba(27,31,37,0.2)&#8221; background_color_gradient_end=&#8221;#1b1f25&#8243; background_color_gradient_overlays_image=&#8221;on&#8221; background_image=&#8221;https:\/\/hav.fi\/\/wp-content\/uploads\/2022\/01\/Anytec_A30-45.jpg&#8221; custom_margin=&#8221;0px|||&#8221; custom_padding=&#8221;0px|10%|0px|10%|true|true&#8221; custom_padding_tablet=&#8221;|30px||30px||true&#8221; custom_padding_phone=&#8221;|||||true&#8221; locked=&#8221;off&#8221; global_colors_info=&#8221;{}&#8221;][et_pb_row padding_top_bottom_link_1=&#8221;true&#8221; padding_left_right_link_1=&#8221;true&#8221; _builder_version=&#8221;4.7.1&#8243; background_size=&#8221;initial&#8221; background_position=&#8221;top_left&#8221; width=&#8221;100%&#8221; max_width=&#8221;100%&#8221; custom_margin=&#8221;|||&#8221; custom_padding=&#8221;0||0px||false|false&#8221; use_custom_width=&#8221;on&#8221; width_unit=&#8221;off&#8221; custom_width_percent=&#8221;100%&#8221; global_colors_info=&#8221;{}&#8221;][et_pb_column type=&#8221;4_4&#8243; _builder_version=&#8221;4.7.1&#8243; custom_padding=&#8221;12vw|40px|12vw|40px&#8221; custom_padding_tablet=&#8221;|||&#8221; custom_padding_phone=&#8221;|10px||10px||true&#8221; custom_padding_last_edited=&#8221;on|desktop&#8221; global_colors_info=&#8221;{}&#8221; padding_phone=&#8221;|10px||10px||true&#8221; padding_tablet=&#8221;|||&#8221; padding_last_edited=&#8221;on|desktop&#8221; custom_padding__hover=&#8221;|||&#8221;][et_pb_text _builder_version=&#8221;4.7.1&#8243; text_font=&#8221;Lato||||||||&#8221; text_font_size=&#8221;20px&#8221; text_line_height=&#8221;1.8em&#8221; header_font=&#8221;Teko|500||on|||||&#8221; header_text_align=&#8221;center&#8221; header_font_size=&#8221;9vw&#8221; header_letter_spacing=&#8221;0.05em&#8221; header_line_height=&#8221;0.9em&#8221; background_layout=&#8221;dark&#8221; custom_margin_tablet=&#8221;&#8221; custom_margin_phone=&#8221;&#8221; custom_margin_last_edited=&#8221;on|desktop&#8221; animation_style=&#8221;zoom&#8221; animation_delay=&#8221;100ms&#8221; animation_intensity_zoom=&#8221;10%&#8221; header_font_size_tablet=&#8221;&#8221; header_font_size_phone=&#8221;&#8221; header_font_size_last_edited=&#8221;on|phone&#8221; header_line_height_tablet=&#8221;&#8221; header_line_height_phone=&#8221;1.2em&#8221; header_line_height_last_edited=&#8221;on|phone&#8221; header_text_shadow_style=&#8221;preset1&#8243; header_text_shadow_vertical_length=&#8221;0.18em&#8221; header_text_shadow_blur_strength=&#8221;0.27em&#8221; header_text_shadow_color=&#8221;rgba(0,0,0,0.38)&#8221; global_colors_info=&#8221;{}&#8221;]<\/p>\n<h1>Anytec A30<\/h1>\n<p>[\/et_pb_text][\/et_pb_column][\/et_pb_row][\/et_pb_section][et_pb_section fb_built=&#8221;1&#8243; specialty=&#8221;on&#8221; _builder_version=&#8221;4.7.1&#8243; _module_preset=&#8221;default&#8221; custom_padding=&#8221;||0px|||&#8221; global_colors_info=&#8221;{}&#8221;][et_pb_column type=&#8221;1_2&#8243; _builder_version=&#8221;3.25&#8243; custom_padding=&#8221;|||&#8221; global_colors_info=&#8221;{}&#8221; custom_padding__hover=&#8221;|||&#8221;][et_pb_text admin_label=&#8221;Title&#8221; _builder_version=&#8221;4.14.7&#8243; text_font=&#8221;Lato||||||||&#8221; text_font_size=&#8221;20px&#8221; text_line_height=&#8221;1.8em&#8221; ul_font=&#8221;||||||||&#8221; header_font=&#8221;||||||||&#8221; header_3_font=&#8221;Teko|500|||||||&#8221; header_3_font_size=&#8221;40px&#8221; header_4_font=&#8221;||||||||&#8221; hover_enabled=&#8221;0&#8243; locked=&#8221;off&#8221; global_colors_info=&#8221;{}&#8221; sticky_enabled=&#8221;0&#8243;]<\/p>\n<h3>SUUNNITELTU T\u00c4YDELLISEKSI<\/h3>\n<p>T\u00e4ysin uusi Anytec A30 on vene, jolla on paljon asennetta. A30 on suunniteltu t\u00e4ydelliseksi sen innovatiivisella teknologialla ja yht\u00e4l\u00e4isti voimalla, eleganssilla ja toimivuudellaan. Jopa 850 hevosvoimaa per\u00e4peiliss\u00e4\u00e4n sek\u00e4 monilla muilla mukavuuksillaan, kuten jousitetuilla penkeill\u00e4, luo A30 suorituskyky\u00e4 ja mukavuutta. T\u00e4m\u00e4 vakuuttaa kaikkein vaativimmatkin kuljettajat ja matkustajat.<\/p>\n<p>[\/et_pb_text][\/et_pb_column][et_pb_column type=&#8221;1_2&#8243; specialty_columns=&#8221;2&#8243; _builder_version=&#8221;3.25&#8243; custom_padding=&#8221;|||&#8221; global_colors_info=&#8221;{}&#8221; custom_padding__hover=&#8221;|||&#8221;][et_pb_row_inner column_structure=&#8221;1_3,1_3,1_3&#8243; _builder_version=&#8221;4.7.1&#8243; _module_preset=&#8221;default&#8221; global_colors_info=&#8221;{}&#8221;][et_pb_column_inner type=&#8221;1_3&#8243; saved_specialty_column_type=&#8221;1_2&#8243; _builder_version=&#8221;4.7.1&#8243; _module_preset=&#8221;default&#8221; global_colors_info=&#8221;{}&#8221;][et_pb_text admin_label=&#8221;Title&#8221; _builder_version=&#8221;4.14.7&#8243; text_font=&#8221;Lato||||||||&#8221; text_font_size=&#8221;20px&#8221; text_line_height=&#8221;1.8em&#8221; ul_font=&#8221;||||||||&#8221; header_font=&#8221;Teko|500|||||||&#8221; header_3_font=&#8221;Teko|500|||||||&#8221; header_3_font_size=&#8221;20px&#8221; header_3_line_height=&#8221;0.1em&#8221; header_4_font=&#8221;||||||||&#8221; hover_enabled=&#8221;0&#8243; locked=&#8221;off&#8221; global_colors_info=&#8221;{}&#8221; sticky_enabled=&#8221;0&#8243;]<\/p>\n<h3>Pituus<\/h3>\n<h1>9,64 m<\/h1>\n<p>[\/et_pb_text][\/et_pb_column_inner][et_pb_column_inner type=&#8221;1_3&#8243; saved_specialty_column_type=&#8221;1_2&#8243; _builder_version=&#8221;4.7.1&#8243; _module_preset=&#8221;default&#8221; global_colors_info=&#8221;{}&#8221;][et_pb_text admin_label=&#8221;Title&#8221; _builder_version=&#8221;4.14.7&#8243; text_font=&#8221;Lato||||||||&#8221; text_font_size=&#8221;20px&#8221; text_line_height=&#8221;1.8em&#8221; ul_font=&#8221;||||||||&#8221; header_font=&#8221;Teko|500|||||||&#8221; header_3_font=&#8221;Teko|500|||||||&#8221; header_3_font_size=&#8221;20px&#8221; header_3_line_height=&#8221;0.1em&#8221; header_4_font=&#8221;||||||||&#8221; hover_enabled=&#8221;0&#8243; locked=&#8221;off&#8221; global_colors_info=&#8221;{}&#8221; sticky_enabled=&#8221;0&#8243;]<\/p>\n<h3>Leveys<\/h3>\n<h1>3,1 m<\/h1>\n<p>[\/et_pb_text][\/et_pb_column_inner][et_pb_column_inner type=&#8221;1_3&#8243; saved_specialty_column_type=&#8221;1_2&#8243; _builder_version=&#8221;4.7.1&#8243; _module_preset=&#8221;default&#8221; global_colors_info=&#8221;{}&#8221;][et_pb_text admin_label=&#8221;Title&#8221; _builder_version=&#8221;4.14.7&#8243; text_font=&#8221;Lato||||||||&#8221; text_font_size=&#8221;20px&#8221; text_line_height=&#8221;1.8em&#8221; ul_font=&#8221;||||||||&#8221; header_font=&#8221;Teko|500|||||||&#8221; header_3_font=&#8221;Teko|500|||||||&#8221; header_3_font_size=&#8221;20px&#8221; header_3_line_height=&#8221;0.1em&#8221; header_4_font=&#8221;||||||||&#8221; hover_enabled=&#8221;0&#8243; locked=&#8221;off&#8221; global_colors_info=&#8221;{}&#8221; sticky_enabled=&#8221;0&#8243;]<\/p>\n<h3>Max moottoriteho<\/h3>\n<h1>900 HV<\/h1>\n<p>[\/et_pb_text][\/et_pb_column_inner][\/et_pb_row_inner][et_pb_row_inner _builder_version=&#8221;4.7.1&#8243; _module_preset=&#8221;default&#8221; global_colors_info=&#8221;{}&#8221;][et_pb_column_inner saved_specialty_column_type=&#8221;1_2&#8243; _builder_version=&#8221;4.7.1&#8243; _module_preset=&#8221;default&#8221; global_colors_info=&#8221;{}&#8221;][et_pb_image src=&#8221;https:\/\/hav.fi\/\/wp-content\/uploads\/2022\/01\/Anytec_A30-07.jpg&#8221; title_text=&#8221;Anytec_A30-07&#8243; show_in_lightbox=&#8221;on&#8221; _builder_version=&#8221;4.14.6&#8243; _module_preset=&#8221;default&#8221; global_colors_info=&#8221;{}&#8221;][\/et_pb_image][\/et_pb_column_inner][\/et_pb_row_inner][\/et_pb_column][\/et_pb_section][et_pb_section fb_built=&#8221;1&#8243; _builder_version=&#8221;4.14.6&#8243; _module_preset=&#8221;default&#8221; global_colors_info=&#8221;{}&#8221;][et_pb_row column_structure=&#8221;1_3,1_3,1_3&#8243; _builder_version=&#8221;4.14.6&#8243; _module_preset=&#8221;default&#8221; global_colors_info=&#8221;{}&#8221;][et_pb_column type=&#8221;1_3&#8243; _builder_version=&#8221;4.14.6&#8243; _module_preset=&#8221;default&#8221; global_colors_info=&#8221;{}&#8221;][et_pb_image src=&#8221;https:\/\/hav.fi\/\/wp-content\/uploads\/2022\/01\/Anytec_A30-21.jpg&#8221; title_text=&#8221;Anytec_A30-21&#8243; show_in_lightbox=&#8221;on&#8221; align=&#8221;center&#8221; _builder_version=&#8221;4.14.6&#8243; _module_preset=&#8221;default&#8221; global_colors_info=&#8221;{}&#8221;][\/et_pb_image][\/et_pb_column][et_pb_column type=&#8221;1_3&#8243; _builder_version=&#8221;4.14.6&#8243; _module_preset=&#8221;default&#8221; global_colors_info=&#8221;{}&#8221;][et_pb_image src=&#8221;https:\/\/hav.fi\/\/wp-content\/uploads\/2022\/01\/Anytec_A30-20.jpg&#8221; title_text=&#8221;Anytec_A30-20&#8243; show_in_lightbox=&#8221;on&#8221; align=&#8221;center&#8221; _builder_version=&#8221;4.14.6&#8243; _module_preset=&#8221;default&#8221; global_colors_info=&#8221;{}&#8221;][\/et_pb_image][\/et_pb_column][et_pb_column type=&#8221;1_3&#8243; _builder_version=&#8221;4.14.6&#8243; _module_preset=&#8221;default&#8221; global_colors_info=&#8221;{}&#8221;][et_pb_image src=&#8221;https:\/\/hav.fi\/\/wp-content\/uploads\/2022\/01\/Anytec_A30-13-1.jpg&#8221; title_text=&#8221;Anytec_A30-13&#8243; show_in_lightbox=&#8221;on&#8221; align=&#8221;center&#8221; _builder_version=&#8221;4.14.6&#8243; _module_preset=&#8221;default&#8221; global_colors_info=&#8221;{}&#8221;][\/et_pb_image][\/et_pb_column][\/et_pb_row][et_pb_row column_structure=&#8221;1_2,1_2&#8243; _builder_version=&#8221;4.14.6&#8243; _module_preset=&#8221;default&#8221; global_colors_info=&#8221;{}&#8221;][et_pb_column type=&#8221;1_2&#8243; _builder_version=&#8221;4.14.6&#8243; _module_preset=&#8221;default&#8221; global_colors_info=&#8221;{}&#8221;][et_pb_text _builder_version=&#8221;4.14.7&#8243; _module_preset=&#8221;default&#8221; text_font=&#8221;Lato||||||||&#8221; text_font_size=&#8221;20px&#8221; text_line_height=&#8221;1.8em&#8221; ul_font=&#8221;||||||||&#8221; header_font=&#8221;||||||||&#8221; header_3_font=&#8221;Teko|500|||||||&#8221; header_3_font_size=&#8221;40px&#8221; header_4_font=&#8221;||||||||&#8221; hover_enabled=&#8221;0&#8243; global_colors_info=&#8221;{}&#8221; sticky_enabled=&#8221;0&#8243;]<\/p>\n<h3>TYYLIK\u00c4S MUOTOILU KOHTAA \u00c4LYKK\u00c4\u00c4T TOIMINNOT<\/h3>\n<p>Anytec A30 yhdist\u00e4\u00e4 tyylikk\u00e4\u00e4n muotoilun ja \u00e4lykk\u00e4\u00e4t toiminnot vertaansa vailla olevalla tavalla. A30:ll\u00e4 on selke\u00e4 ilme uuden rungon puhtaissa, tyylikk\u00e4iss\u00e4 ja toiminnallisissa muodoissa. Veneess\u00e4 on runsaasti tilaa ja kaikki ne mukavuudet, joita saatat tarvita merell\u00e4. A30 on tarpeeksi iso ja monipuolinen mieleenpainuviin retkiin sek\u00e4 tarpeeksi voimakas kaikkiin seikkailuihin. Anytec A30 on t\u00e4ydellinen saariston unelma kaikille, joilla on todella korkeat vaatimukset.<\/p>\n<p>[\/et_pb_text][\/et_pb_column][et_pb_column type=&#8221;1_2&#8243; _builder_version=&#8221;4.14.6&#8243; _module_preset=&#8221;default&#8221; global_colors_info=&#8221;{}&#8221;][et_pb_image src=&#8221;https:\/\/hav.fi\/\/wp-content\/uploads\/2022\/01\/Anytec_A30.jpg&#8221; title_text=&#8221;Anytec_A30&#8243; show_in_lightbox=&#8221;on&#8221; align=&#8221;center&#8221; _builder_version=&#8221;4.14.6&#8243; _module_preset=&#8221;default&#8221; global_colors_info=&#8221;{}&#8221;][\/et_pb_image][et_pb_image src=&#8221;https:\/\/hav.fi\/\/wp-content\/uploads\/2022\/01\/Anytec_A30-22.jpg&#8221; title_text=&#8221;Anytec_A30-22&#8243; show_in_lightbox=&#8221;on&#8221; align=&#8221;center&#8221; _builder_version=&#8221;4.14.6&#8243; _module_preset=&#8221;default&#8221; global_colors_info=&#8221;{}&#8221;][\/et_pb_image][\/et_pb_column][\/et_pb_row][et_pb_row column_structure=&#8221;1_3,1_3,1_3&#8243; _builder_version=&#8221;4.14.6&#8243; _module_preset=&#8221;default&#8221; global_colors_info=&#8221;{}&#8221;][et_pb_column type=&#8221;1_3&#8243; _builder_version=&#8221;4.14.6&#8243; _module_preset=&#8221;default&#8221; global_colors_info=&#8221;{}&#8221;][et_pb_image src=&#8221;https:\/\/hav.fi\/\/wp-content\/uploads\/2022\/01\/Anytec_A30-18.jpg&#8221; title_text=&#8221;Anytec_A30-18&#8243; show_in_lightbox=&#8221;on&#8221; align=&#8221;center&#8221; _builder_version=&#8221;4.14.6&#8243; _module_preset=&#8221;default&#8221; global_colors_info=&#8221;{}&#8221;][\/et_pb_image][\/et_pb_column][et_pb_column type=&#8221;1_3&#8243; _builder_version=&#8221;4.14.6&#8243; _module_preset=&#8221;default&#8221; global_colors_info=&#8221;{}&#8221;][et_pb_image src=&#8221;https:\/\/hav.fi\/\/wp-content\/uploads\/2022\/01\/Anytec_A30-11.jpg&#8221; title_text=&#8221;Anytec_A30-11&#8243; show_in_lightbox=&#8221;on&#8221; align=&#8221;center&#8221; _builder_version=&#8221;4.14.6&#8243; _module_preset=&#8221;default&#8221; global_colors_info=&#8221;{}&#8221;][\/et_pb_image][\/et_pb_column][et_pb_column type=&#8221;1_3&#8243; _builder_version=&#8221;4.14.6&#8243; _module_preset=&#8221;default&#8221; global_colors_info=&#8221;{}&#8221;][et_pb_image src=&#8221;https:\/\/hav.fi\/\/wp-content\/uploads\/2022\/01\/Anytec_A30-05.jpg&#8221; title_text=&#8221;Anytec_A30-05&#8243; show_in_lightbox=&#8221;on&#8221; align=&#8221;center&#8221; _builder_version=&#8221;4.14.6&#8243; _module_preset=&#8221;default&#8221; global_colors_info=&#8221;{}&#8221;][\/et_pb_image][\/et_pb_column][\/et_pb_row][et_pb_row column_structure=&#8221;1_3,1_3,1_3&#8243; _builder_version=&#8221;4.14.6&#8243; _module_preset=&#8221;default&#8221; global_colors_info=&#8221;{}&#8221;][et_pb_column type=&#8221;1_3&#8243; _builder_version=&#8221;4.14.6&#8243; _module_preset=&#8221;default&#8221; global_colors_info=&#8221;{}&#8221;][et_pb_image src=&#8221;https:\/\/hav.fi\/\/wp-content\/uploads\/2022\/01\/Anytec_A30-04.jpg&#8221; title_text=&#8221;Anytec_A30-04&#8243; show_in_lightbox=&#8221;on&#8221; align=&#8221;center&#8221; _builder_version=&#8221;4.14.6&#8243; _module_preset=&#8221;default&#8221; global_colors_info=&#8221;{}&#8221;][\/et_pb_image][\/et_pb_column][et_pb_column type=&#8221;1_3&#8243; _builder_version=&#8221;4.14.6&#8243; _module_preset=&#8221;default&#8221; global_colors_info=&#8221;{}&#8221;][et_pb_image src=&#8221;https:\/\/hav.fi\/\/wp-content\/uploads\/2022\/01\/Anytec_A30-10.jpg&#8221; title_text=&#8221;Anytec_A30-10&#8243; show_in_lightbox=&#8221;on&#8221; align=&#8221;center&#8221; _builder_version=&#8221;4.14.6&#8243; _module_preset=&#8221;default&#8221; global_colors_info=&#8221;{}&#8221;][\/et_pb_image][\/et_pb_column][et_pb_column type=&#8221;1_3&#8243; _builder_version=&#8221;4.14.6&#8243; _module_preset=&#8221;default&#8221; global_colors_info=&#8221;{}&#8221;][et_pb_image src=&#8221;https:\/\/hav.fi\/\/wp-content\/uploads\/2022\/01\/Anytec_A30-15.jpg&#8221; title_text=&#8221;Anytec_A30-15&#8243; show_in_lightbox=&#8221;on&#8221; align=&#8221;center&#8221; _builder_version=&#8221;4.14.6&#8243; _module_preset=&#8221;default&#8221; global_colors_info=&#8221;{}&#8221;][\/et_pb_image][\/et_pb_column][\/et_pb_row][\/et_pb_section][et_pb_section fb_built=&#8221;1&#8243; prev_background_color=&#8221;#ffffff&#8221; admin_label=&#8221;Financing&#8221; _builder_version=&#8221;4.6.5&#8243; use_background_color_gradient=&#8221;on&#8221; background_color_gradient_start=&#8221;rgba(27,31,37,0.3)&#8221; background_color_gradient_end=&#8221;#1b1f25&#8243; background_color_gradient_overlays_image=&#8221;on&#8221; background_image=&#8221;https:\/\/hav.fi\/\/wp-content\/uploads\/2020\/02\/Hav-thumbnail-3.jpg&#8221; custom_padding=&#8221;250px||0px||false|false&#8221; top_divider_style=&#8221;arrow&#8221; top_divider_height_tablet=&#8221;&#8221; top_divider_height_phone=&#8221;50px&#8221; top_divider_height_last_edited=&#8221;on|phone&#8221; global_colors_info=&#8221;{}&#8221; global_module=&#8221;3936&#8243; theme_builder_area=&#8221;post_content&#8221;][et_pb_row module_class=&#8221; et_pb_row_fullwidth&#8221; _builder_version=&#8221;3.25&#8243; width=&#8221;89%&#8221; width_tablet=&#8221;80%&#8221; width_phone=&#8221;&#8221; width_last_edited=&#8221;on|desktop&#8221; max_width=&#8221;89%&#8221; max_width_tablet=&#8221;80%&#8221; max_width_phone=&#8221;&#8221; max_width_last_edited=&#8221;on|desktop&#8221; custom_margin=&#8221;|||&#8221; custom_padding=&#8221;0|0px|0px|0px|false|false&#8221; make_fullwidth=&#8221;on&#8221; global_colors_info=&#8221;{}&#8221; theme_builder_area=&#8221;post_content&#8221;][et_pb_column type=&#8221;4_4&#8243; _builder_version=&#8221;3.25&#8243; custom_padding=&#8221;|||&#8221; global_colors_info=&#8221;{}&#8221; custom_padding__hover=&#8221;|||&#8221; theme_builder_area=&#8221;post_content&#8221;][et_pb_text _builder_version=&#8221;4.14.7&#8243; text_font=&#8221;||||||||&#8221; header_font=&#8221;||||||||&#8221; header_line_height=&#8221;0.7em&#8221; header_2_font=&#8221;Teko|500||on|||||&#8221; header_2_text_color=&#8221;#ffffff&#8221; header_2_font_size=&#8221;9vw&#8221; header_2_line_height=&#8221;1.2em&#8221; text_orientation=&#8221;center&#8221; animation_style=&#8221;zoom&#8221; animation_delay=&#8221;100ms&#8221; animation_intensity_zoom=&#8221;20%&#8221; header_line_height_tablet=&#8221;&#8221; header_line_height_phone=&#8221;1.2em&#8221; header_line_height_last_edited=&#8221;on|phone&#8221; global_colors_info=&#8221;{}&#8221; theme_builder_area=&#8221;post_content&#8221;]<\/p>\n<h2>Rahoitus ilman k\u00e4sirahaa<\/h2>\n<p>[\/et_pb_text][\/et_pb_column][\/et_pb_row][et_pb_row _builder_version=&#8221;3.25&#8243; custom_margin=&#8221;|||&#8221; custom_padding=&#8221;||0px|&#8221; locked=&#8221;off&#8221; global_colors_info=&#8221;{}&#8221; theme_builder_area=&#8221;post_content&#8221;][et_pb_column type=&#8221;4_4&#8243; _builder_version=&#8221;3.25&#8243; custom_padding=&#8221;|||&#8221; global_colors_info=&#8221;{}&#8221; custom_padding__hover=&#8221;|||&#8221; theme_builder_area=&#8221;post_content&#8221;][et_pb_button button_url=&#8221;https:\/\/hav.fi\/fi\/rahoitus&#8221; button_text=&#8221;Hae rahoitusta&#8221; button_alignment=&#8221;center&#8221; _builder_version=&#8221;4.14.7&#8243; custom_button=&#8221;on&#8221; button_text_size=&#8221;16px&#8221; button_bg_color=&#8221;#348ab7&#8243; button_border_width=&#8221;8px&#8221; button_border_color=&#8221;#348ab7&#8243; button_border_radius=&#8221;0px&#8221; button_letter_spacing=&#8221;4px&#8221; button_font=&#8221;Teko|700||on|||||&#8221; button_icon=&#8221;&#x24;||divi||400&#8243; background_layout=&#8221;dark&#8221; global_colors_info=&#8221;{}&#8221; button_text_size__hover_enabled=&#8221;off&#8221; button_one_text_size__hover_enabled=&#8221;off&#8221; button_two_text_size__hover_enabled=&#8221;off&#8221; button_text_color__hover_enabled=&#8221;off&#8221; button_one_text_color__hover_enabled=&#8221;off&#8221; button_two_text_color__hover_enabled=&#8221;off&#8221; button_border_width__hover_enabled=&#8221;off&#8221; button_one_border_width__hover_enabled=&#8221;off&#8221; button_two_border_width__hover_enabled=&#8221;off&#8221; button_border_color__hover_enabled=&#8221;off&#8221; button_one_border_color__hover_enabled=&#8221;off&#8221; button_two_border_color__hover_enabled=&#8221;off&#8221; button_border_radius__hover_enabled=&#8221;off&#8221; button_one_border_radius__hover_enabled=&#8221;off&#8221; button_two_border_radius__hover_enabled=&#8221;off&#8221; button_letter_spacing__hover_enabled=&#8221;off&#8221; button_one_letter_spacing__hover_enabled=&#8221;off&#8221; button_two_letter_spacing__hover_enabled=&#8221;off&#8221; button_bg_color__hover_enabled=&#8221;off&#8221; button_one_bg_color__hover_enabled=&#8221;off&#8221; button_two_bg_color__hover_enabled=&#8221;off&#8221; theme_builder_area=&#8221;post_content&#8221;][\/et_pb_button][\/et_pb_column][\/et_pb_row][\/et_pb_section]<\/p>\n","protected":false},"excerpt":{"rendered":"<p>Anytec A30SUUNNITELTU T\u00c4YDELLISEKSI T\u00e4ysin uusi Anytec A30 on vene, jolla on paljon asennetta. A30 on suunniteltu t\u00e4ydelliseksi sen innovatiivisella teknologialla ja yht\u00e4l\u00e4isti voimalla, eleganssilla ja toimivuudellaan. Jopa 850 hevosvoimaa per\u00e4peiliss\u00e4\u00e4n sek\u00e4 monilla muilla mukavuuksillaan, kuten jousitetuilla penkeill\u00e4, luo A30 suorituskyky\u00e4 ja mukavuutta. T\u00e4m\u00e4 vakuuttaa kaikkein vaativimmatkin kuljettajat ja matkustajat.Pituus 9,64 mLeveys 3,1 mMax moottoriteho 900 [&hellip;]<\/p>\n","protected":false},"author":1,"featured_media":0,"parent":3835,"menu_order":0,"comment_status":"closed","ping_status":"closed","template":"","meta":{"_et_pb_use_builder":"on","_et_pb_old_content":"","_et_gb_content_width":"","footnotes":""},"class_list":["post-3989","page","type-page","status-publish","hentry"],"jetpack_shortlink":"https:\/\/wp.me\/P8nnWa-12l","jetpack_sharing_enabled":true,"_links":{"self":[{"href":"https:\/\/hav.fi\/fi\/wp-json\/wp\/v2\/pages\/3989","targetHints":{"allow":["GET"]}}],"collection":[{"href":"https:\/\/hav.fi\/fi\/wp-json\/wp\/v2\/pages"}],"about":[{"href":"https:\/\/hav.fi\/fi\/wp-json\/wp\/v2\/types\/page"}],"author":[{"embeddable":true,"href":"https:\/\/hav.fi\/fi\/wp-json\/wp\/v2\/users\/1"}],"replies":[{"embeddable":true,"href":"https:\/\/hav.fi\/fi\/wp-json\/wp\/v2\/comments?post=3989"}],"version-history":[{"count":2,"href":"https:\/\/hav.fi\/fi\/wp-json\/wp\/v2\/pages\/3989\/revisions"}],"predecessor-version":[{"id":3994,"href":"https:\/\/hav.fi\/fi\/wp-json\/wp\/v2\/pages\/3989\/revisions\/3994"}],"up":[{"embeddable":true,"href":"https:\/\/hav.fi\/fi\/wp-json\/wp\/v2\/pages\/3835"}],"wp:attachment":[{"href":"https:\/\/hav.fi\/fi\/wp-json\/wp\/v2\/media?parent=3989"}],"curies":[{"name":"wp","href":"https:\/\/api.w.org\/{rel}","templated":true}]}}