{"id":3743,"date":"2015-01-15T17:21:54","date_gmt":"2015-01-15T15:21:54","guid":{"rendered":"https:\/\/hav.fi\/kontakt\/"},"modified":"2026-02-04T14:00:31","modified_gmt":"2026-02-04T12:00:31","slug":"yhteys","status":"publish","type":"page","link":"https:\/\/hav.fi\/fi\/yhteys\/","title":{"rendered":"Yhteys"},"content":{"rendered":"<p>[et_pb_section fb_built=&#8221;1&#8243; custom_padding_last_edited=&#8221;on|tablet&#8221; admin_label=&#8221;Hero&#8221; _builder_version=&#8221;4.16&#8243; use_background_color_gradient=&#8221;on&#8221; background_color_gradient_stops=&#8221;rgba(27,31,37,0.2) 0%|#1b1f25 100%&#8221; background_color_gradient_overlays_image=&#8221;on&#8221; background_color_gradient_start=&#8221;rgba(27,31,37,0.2)&#8221; background_color_gradient_end=&#8221;#1b1f25&#8243; background_image=&#8221;https:\/\/hav.fi\/\/wp-content\/uploads\/2022\/01\/Anytec_A30-07.jpg&#8221; custom_margin=&#8221;0px|||&#8221; custom_padding=&#8221;0px|10%|0px|10%|true|true&#8221; custom_padding_tablet=&#8221;|30px||30px||true&#8221; custom_padding_phone=&#8221;|||||true&#8221; locked=&#8221;off&#8221; global_colors_info=&#8221;{}&#8221;][et_pb_row column_structure=&#8221;2_3,1_3&#8243; padding_top_bottom_link_1=&#8221;true&#8221; padding_left_right_link_1=&#8221;true&#8221; _builder_version=&#8221;4.16&#8243; background_size=&#8221;initial&#8221; background_position=&#8221;top_left&#8221; width=&#8221;100%&#8221; max_width=&#8221;100%&#8221; custom_margin=&#8221;|||&#8221; custom_padding=&#8221;0||0px||false|false&#8221; use_custom_width=&#8221;on&#8221; width_unit=&#8221;off&#8221; custom_width_percent=&#8221;100%&#8221; global_colors_info=&#8221;{}&#8221;][et_pb_column type=&#8221;2_3&#8243; _builder_version=&#8221;4.16&#8243; use_background_color_gradient=&#8221;on&#8221; background_color_gradient_stops=&#8221;#348ab7 0%|rgba(255,255,255,0) 100%&#8221; background_color_gradient_start=&#8221;#348ab7&#8243; background_color_gradient_end=&#8221;rgba(255,255,255,0)&#8221; custom_padding=&#8221;12vw|40px|12vw|40px&#8221; custom_padding_tablet=&#8221;|||&#8221; custom_padding_phone=&#8221;|10px||10px||true&#8221; custom_padding_last_edited=&#8221;on|desktop&#8221; global_colors_info=&#8221;{}&#8221; padding_phone=&#8221;|10px||10px||true&#8221; padding_tablet=&#8221;|||&#8221; padding_last_edited=&#8221;on|desktop&#8221; custom_padding__hover=&#8221;|||&#8221;][et_pb_text _builder_version=&#8221;4.16&#8243; text_font=&#8221;Lato||||||||&#8221; text_font_size=&#8221;20px&#8221; text_line_height=&#8221;1.8em&#8221; header_font=&#8221;Teko|500||on|||||&#8221; header_font_size=&#8221;9vw&#8221; header_letter_spacing=&#8221;0.05em&#8221; header_line_height=&#8221;0.9em&#8221; header_3_font=&#8221;Teko||||||||&#8221; background_layout=&#8221;dark&#8221; custom_margin=&#8221;|-10vw|0px|&#8221; custom_margin_tablet=&#8221;|0vw||&#8221; custom_margin_phone=&#8221;|-5vw||&#8221; custom_margin_last_edited=&#8221;on|tablet&#8221; animation_style=&#8221;zoom&#8221; animation_delay=&#8221;100ms&#8221; animation_intensity_zoom=&#8221;10%&#8221; header_font_size_tablet=&#8221;&#8221; header_font_size_phone=&#8221;&#8221; header_font_size_last_edited=&#8221;on|phone&#8221; header_line_height_tablet=&#8221;&#8221; header_line_height_phone=&#8221;1.2em&#8221; header_line_height_last_edited=&#8221;on|phone&#8221; header_text_shadow_style=&#8221;preset1&#8243; header_text_shadow_vertical_length=&#8221;0.18em&#8221; header_text_shadow_blur_strength=&#8221;0.27em&#8221; header_text_shadow_color=&#8221;rgba(0,0,0,0.38)&#8221; global_colors_info=&#8221;{}&#8221;]<\/p>\n<h1>Yhteys<\/h1>\n<p>[\/et_pb_text][\/et_pb_column][et_pb_column type=&#8221;1_3&#8243; _builder_version=&#8221;4.16&#8243; custom_padding=&#8221;|||&#8221; global_colors_info=&#8221;{}&#8221; custom_padding__hover=&#8221;|||&#8221;][\/et_pb_column][\/et_pb_row][\/et_pb_section][et_pb_section fb_built=&#8221;1&#8243; admin_label=&#8221;Listings&#8221; _builder_version=&#8221;4.16&#8243; custom_padding=&#8221;80px|0px|80px|0px|true|false&#8221; global_colors_info=&#8221;{}&#8221;][et_pb_row _builder_version=&#8221;4.16&#8243; background_color=&#8221;#f4f4f4&#8243; custom_margin=&#8221;||60px|&#8221; custom_padding=&#8221;50px|40px|50px|40px|true|true&#8221; global_colors_info=&#8221;{}&#8221;][et_pb_column type=&#8221;4_4&#8243; _builder_version=&#8221;4.16&#8243; custom_padding=&#8221;|||&#8221; global_colors_info=&#8221;{}&#8221; custom_padding__hover=&#8221;|||&#8221;][et_pb_text admin_label=&#8221;Title&#8221; _builder_version=&#8221;4.16&#8243; text_font=&#8221;Lato||||||||&#8221; text_font_size=&#8221;20px&#8221; text_line_height=&#8221;1.8em&#8221; ul_font=&#8221;||||||||&#8221; header_font=&#8221;||||||||&#8221; header_3_font=&#8221;Teko|500|||||||&#8221; header_3_font_size=&#8221;40px&#8221; header_4_font=&#8221;||||||||&#8221; locked=&#8221;off&#8221; global_colors_info=&#8221;{}&#8221;]<\/p>\n<h3>Myynti, huolto ja varaosat.<\/h3>\n<p>Ota yhteytt\u00e4, niin hoidamme veneesi myynnin ja samalla varmistamme, ett\u00e4 saat uuden nautittavaksi kes\u00e4helteiss\u00e4.<\/p>\n<p>[\/et_pb_text][\/et_pb_column][\/et_pb_row][et_pb_row column_structure=&#8221;1_3,1_3,1_3&#8243; make_equal=&#8221;on&#8221; _builder_version=&#8221;4.16&#8243; _module_preset=&#8221;default&#8221; global_colors_info=&#8221;{}&#8221;][et_pb_column type=&#8221;1_3&#8243; _builder_version=&#8221;4.16&#8243; _module_preset=&#8221;default&#8221; background_color=&#8221;#348AB7&#8243; custom_padding=&#8221;20px||20px||true|false&#8221; box_shadow_style=&#8221;preset3&#8243; global_colors_info=&#8221;{}&#8221;][et_pb_blurb title=&#8221;JANI JANSSON&#8221; image=&#8221;https:\/\/hav.fi\/\/wp-content\/uploads\/2015\/01\/Jani.png&#8221; _builder_version=&#8221;4.16&#8243; _module_preset=&#8221;default&#8221; header_font=&#8221;Teko|700|||||||&#8221; body_link_text_color=&#8221;#FFFFFF&#8221; text_orientation=&#8221;center&#8221; background_layout=&#8221;dark&#8221; custom_padding=&#8221;20px|20px|20px|20px|true|true&#8221; global_colors_info=&#8221;{}&#8221;]<\/p>\n<p><strong>T\u00f6iden vastaanotto ja veneiden, moottoreiden ja varaosien myynti<\/strong><\/p>\n<p><strong>S\u00e4hk\u00f6posti<\/strong><br \/>jani@hav.fi<\/p>\n<p><strong>Puhelin<\/strong><br \/>+358 44 501 2791<\/p>\n<p>[\/et_pb_blurb][\/et_pb_column][et_pb_column type=&#8221;1_3&#8243; _builder_version=&#8221;4.16&#8243; _module_preset=&#8221;default&#8221; background_color=&#8221;#348AB7&#8243; custom_padding=&#8221;20px||20px||true|false&#8221; box_shadow_style=&#8221;preset3&#8243; global_colors_info=&#8221;{}&#8221;][et_pb_blurb title=&#8221;JANCA JANSSON&#8221; image=&#8221;https:\/\/hav.fi\/\/wp-content\/uploads\/2015\/01\/Janca.png&#8221; _builder_version=&#8221;4.16&#8243; _module_preset=&#8221;default&#8221; header_font=&#8221;Teko|700|||||||&#8221; body_link_text_color=&#8221;#FFFFFF&#8221; text_orientation=&#8221;center&#8221; background_layout=&#8221;dark&#8221; custom_padding=&#8221;20px|20px|20px|20px|true|true&#8221; global_colors_info=&#8221;{}&#8221;]<\/p>\n<p><strong>Johtaja, myynti ja varaosat<\/strong><\/p>\n<p><strong>S\u00e4hk\u00f6posti<\/strong><br \/>janca@hav.fi<\/p>\n<p><strong>Puhelin<\/strong><br \/>+358 19 267 6700<br \/>+358 44 502 1819<\/p>\n<p>[\/et_pb_blurb][\/et_pb_column][et_pb_column type=&#8221;1_3&#8243; _builder_version=&#8221;4.16&#8243; _module_preset=&#8221;default&#8221; background_color=&#8221;#348AB7&#8243; custom_padding=&#8221;20px||20px||true|false&#8221; box_shadow_style=&#8221;preset3&#8243; global_colors_info=&#8221;{}&#8221;][et_pb_blurb title=&#8221;JANICA FURU-JANSSON&#8221; image=&#8221;https:\/\/hav.fi\/\/wp-content\/uploads\/2021\/02\/Janica-2.png&#8221; _builder_version=&#8221;4.16&#8243; _module_preset=&#8221;default&#8221; header_font=&#8221;Teko|700|||||||&#8221; body_link_text_color=&#8221;#FFFFFF&#8221; text_orientation=&#8221;center&#8221; background_layout=&#8221;dark&#8221; custom_padding=&#8221;20px|20px|20px|20px|true|true&#8221; global_colors_info=&#8221;{}&#8221;]<\/p>\n<p><strong>Laskutus<\/strong><\/p>\n<p><strong>S\u00e4hk\u00f6posti<\/strong><br \/>office@hav.fi<br \/>janica@hav.fi<\/p>\n<p>[\/et_pb_blurb][\/et_pb_column][\/et_pb_row][et_pb_row column_structure=&#8221;1_3,1_3,1_3&#8243; make_equal=&#8221;on&#8221; _builder_version=&#8221;4.16&#8243; _module_preset=&#8221;default&#8221; global_colors_info=&#8221;{}&#8221;][et_pb_column type=&#8221;1_3&#8243; _builder_version=&#8221;4.16&#8243; _module_preset=&#8221;default&#8221; background_color=&#8221;#348AB7&#8243; custom_padding=&#8221;20px||20px||true|false&#8221; box_shadow_style=&#8221;preset3&#8243; global_colors_info=&#8221;{}&#8221;][et_pb_blurb title=&#8221;VICTOR LINDQVIST&#8221; image=&#8221;https:\/\/hav.fi\/wp-content\/uploads\/2015\/01\/Victor.png&#8221; _builder_version=&#8221;4.27.5&#8243; _module_preset=&#8221;default&#8221; header_font=&#8221;Teko|700|||||||&#8221; body_link_text_color=&#8221;#FFFFFF&#8221; text_orientation=&#8221;center&#8221; background_layout=&#8221;dark&#8221; custom_padding=&#8221;20px|20px|20px|20px|true|true&#8221; locked=&#8221;off&#8221; global_colors_info=&#8221;{}&#8221;]<\/p>\n<p><strong>Huolto<\/strong><\/p>\n<p><strong>S\u00e4hk\u00f6posti<\/strong><br \/>huolto@hav.fi<\/p>\n<p>[\/et_pb_blurb][\/et_pb_column][et_pb_column type=&#8221;1_3&#8243; _builder_version=&#8221;4.16&#8243; _module_preset=&#8221;default&#8221; background_color=&#8221;#348AB7&#8243; custom_padding=&#8221;20px||20px||true|false&#8221; box_shadow_style=&#8221;preset3&#8243; global_colors_info=&#8221;{}&#8221;][et_pb_blurb title=&#8221;REINHOLD JOHANSSSON&#8221; image=&#8221;https:\/\/hav.fi\/wp-content\/uploads\/2024\/09\/kleinhold.png&#8221; _builder_version=&#8221;4.27.5&#8243; _module_preset=&#8221;default&#8221; header_font=&#8221;Teko|700|||||||&#8221; body_link_text_color=&#8221;#FFFFFF&#8221; text_orientation=&#8221;center&#8221; background_layout=&#8221;dark&#8221; custom_padding=&#8221;20px|20px|20px|20px|true|true&#8221; global_colors_info=&#8221;{}&#8221;]<\/p>\n<p><strong>Myynti<\/strong><\/p>\n<p><strong>S\u00e4hk\u00f6posti<br \/><\/strong>office@hav.fi<strong><\/strong><\/p>\n<p><strong>Puhelin<br \/><\/strong>+358 44 5676 700<strong><br \/><\/strong><\/p>\n<p>[\/et_pb_blurb][\/et_pb_column][et_pb_column type=&#8221;1_3&#8243; _builder_version=&#8221;4.16&#8243; _module_preset=&#8221;default&#8221; background_color=&#8221;#348AB7&#8243; custom_padding=&#8221;20px||20px||true|false&#8221; box_shadow_style=&#8221;preset3&#8243; global_colors_info=&#8221;{}&#8221;][et_pb_blurb title=&#8221;KEVIN JANSSON&#8221; image=&#8221;https:\/\/hav.fi\/wp-content\/uploads\/2026\/02\/DSC_7094.jpg&#8221; _builder_version=&#8221;4.27.5&#8243; _module_preset=&#8221;default&#8221; header_font=&#8221;Teko|700|||||||&#8221; body_link_text_color=&#8221;#FFFFFF&#8221; text_orientation=&#8221;center&#8221; background_layout=&#8221;dark&#8221; custom_padding=&#8221;20px|20px|20px|20px|true|true&#8221; global_colors_info=&#8221;{}&#8221;]<\/p>\n<p><strong>Huolto<\/strong><\/p>\n<p><strong>S\u00e4hk\u00f6posti<\/strong><br \/>huolto@hav.fi<\/p>\n<p>[\/et_pb_blurb][\/et_pb_column][\/et_pb_row][et_pb_row column_structure=&#8221;1_3,1_3,1_3&#8243; make_equal=&#8221;on&#8221; _builder_version=&#8221;4.16&#8243; _module_preset=&#8221;default&#8221; global_colors_info=&#8221;{}&#8221;][et_pb_column type=&#8221;1_3&#8243; _builder_version=&#8221;4.16&#8243; _module_preset=&#8221;default&#8221; background_color=&#8221;#348AB7&#8243; custom_padding=&#8221;20px||20px||true|false&#8221; box_shadow_style=&#8221;preset3&#8243; global_colors_info=&#8221;{}&#8221;][et_pb_blurb title=&#8221;CASPER JANSSON&#8221; image=&#8221;https:\/\/hav.fi\/wp-content\/uploads\/2026\/02\/DSC_7094.jpg&#8221; _builder_version=&#8221;4.27.5&#8243; _module_preset=&#8221;default&#8221; header_font=&#8221;Teko|700|||||||&#8221; body_link_text_color=&#8221;#FFFFFF&#8221; text_orientation=&#8221;center&#8221; background_layout=&#8221;dark&#8221; custom_padding=&#8221;20px|20px|20px|20px|true|true&#8221; locked=&#8221;off&#8221; global_colors_info=&#8221;{}&#8221;]<\/p>\n<p><strong>Huolto<\/strong><\/p>\n<p><strong>S\u00e4hk\u00f6posti<\/strong><br \/>huolto@hav.fi<\/p>\n<p>[\/et_pb_blurb][\/et_pb_column][et_pb_column type=&#8221;1_3&#8243; _builder_version=&#8221;4.16&#8243; _module_preset=&#8221;default&#8221; background_color=&#8221;#348AB7&#8243; custom_padding=&#8221;20px||20px||true|false&#8221; box_shadow_style=&#8221;preset3&#8243; global_colors_info=&#8221;{}&#8221;][et_pb_blurb title=&#8221;JAN ISOM\u00c4KI&#8221; image=&#8221;https:\/\/hav.fi\/\/wp-content\/uploads\/2022\/02\/Jan-isomaki.png&#8221; _builder_version=&#8221;4.16&#8243; _module_preset=&#8221;default&#8221; header_font=&#8221;Teko|700|||||||&#8221; body_link_text_color=&#8221;#FFFFFF&#8221; text_orientation=&#8221;center&#8221; background_layout=&#8221;dark&#8221; custom_padding=&#8221;20px|20px|20px|20px|true|true&#8221; global_colors_info=&#8221;{}&#8221;]<\/p>\n<p><strong>Myynti<\/strong><\/p>\n<p><strong>S\u00e4hk\u00f6posti<br \/><\/strong>office@hav.fi<strong><\/strong><\/p>\n<p><strong>Puhelin<br \/><\/strong>+358 19 267 6700<strong><br \/><\/strong><\/p>\n<p>[\/et_pb_blurb][\/et_pb_column][et_pb_column type=&#8221;1_3&#8243; _builder_version=&#8221;4.16&#8243; _module_preset=&#8221;default&#8221; background_color=&#8221;#348AB7&#8243; custom_padding=&#8221;20px||20px||true|false&#8221; box_shadow_style=&#8221;preset3&#8243; global_colors_info=&#8221;{}&#8221;][\/et_pb_column][\/et_pb_row][et_pb_row make_equal=&#8221;on&#8221; _builder_version=&#8221;4.16&#8243; _module_preset=&#8221;default&#8221; global_colors_info=&#8221;{}&#8221;][et_pb_column type=&#8221;4_4&#8243; _builder_version=&#8221;4.16&#8243; _module_preset=&#8221;default&#8221; background_color=&#8221;#348AB7&#8243; custom_padding=&#8221;20px||20px||true|false&#8221; box_shadow_style=&#8221;preset3&#8243; global_colors_info=&#8221;{}&#8221;][et_pb_text _builder_version=&#8221;4.27.5&#8243; _module_preset=&#8221;default&#8221; text_font=&#8221;Lato||||||||&#8221; text_font_size=&#8221;20px&#8221; text_line_height=&#8221;1.8em&#8221; ul_font=&#8221;||||||||&#8221; header_font=&#8221;||||||||&#8221; header_3_font=&#8221;Teko|500|||||||&#8221; header_3_font_size=&#8221;40px&#8221; header_4_font=&#8221;||||||||&#8221; background_color=&#8221;#FFFFFF&#8221; custom_margin=&#8221;||||false|false&#8221; custom_padding=&#8221;50px|40px|50px|40px|true|true&#8221; global_colors_info=&#8221;{}&#8221;]<\/p>\n<div><\/div>\n<div><\/div>\n<div><\/div>\n<h3>S\u00e4hk\u00f6isen laskutuksen tiedot<\/h3>\n<p>&nbsp;<\/p>\n<p>VASTAANOTAMME VAIN VERKKOLASKUJA<\/p>\n<p><strong><\/strong><\/p>\n<p><strong>Auto- ja Venetalo J.R. Jansson Kb<\/strong><\/p>\n<p><strong>E-lasku osoite<\/strong><br \/>003704201723<\/p>\n<div><\/div>\n<p><strong>Operaattorin tunnus<\/strong><\/p>\n<div><span lang=\"FI\">003701150617 <\/span><\/div>\n<div><span lang=\"FI\">PostNord Str\u00e5lfors Oy<\/span><\/div>\n<div><span lang=\"FI\"><\/span><\/div>\n<div><span lang=\"FI\"><\/span><\/div>\n<div><\/div>\n<p>[\/et_pb_text][\/et_pb_column][\/et_pb_row][\/et_pb_section][et_pb_section fb_built=&#8221;1&#8243; make_equal=&#8221;on&#8221; use_custom_gutter=&#8221;on&#8221; gutter_width=&#8221;1&#8243; specialty=&#8221;on&#8221; next_background_color=&#8221;#ffffff&#8221; background_color_2=&#8221;#348ab7&#8243; padding_top_1=&#8221;150px&#8221; padding_top_2=&#8221;150px&#8221; padding_right_1=&#8221;60px&#8221; padding_right_2=&#8221;10%&#8221; padding_bottom_1=&#8221;150px&#8221; padding_bottom_2=&#8221;150px&#8221; padding_left_1=&#8221;10%&#8221; padding_left_2=&#8221;60px&#8221; padding_top_bottom_link_1=&#8221;true&#8221; padding_top_bottom_link_2=&#8221;true&#8221; padding_1_tablet=&#8221;|0%||0%||true&#8221; padding_2_tablet=&#8221;40px|10%|100px|10%||true&#8221; padding_1_phone=&#8221;40px||40px||true|false&#8221; padding_2_phone=&#8221;&#8221; padding_1_last_edited=&#8221;on|desktop&#8221; padding_2_last_edited=&#8221;on|desktop&#8221; module_class=&#8221; et_pb_specialty_fullwidth&#8221; _builder_version=&#8221;4.27.4&#8243; use_background_color_gradient=&#8221;on&#8221; background_color_gradient_stops=&#8221;rgba(24,30,36,0.9) 0%|rgba(52,138,183,0.52) 100%&#8221; background_color_gradient_overlays_image=&#8221;on&#8221; background_color_gradient_start=&#8221;rgba(24,30,36,0.9)&#8221; background_color_gradient_end=&#8221;rgba(52,138,183,0.52)&#8221; background_image=&#8221;https:\/\/hav.fi\/\/wp-content\/uploads\/2020\/02\/Hav-thumbnail-1.jpg&#8221; inner_width=&#8221;100%&#8221; inner_width_tablet=&#8221;90%&#8221; inner_width_phone=&#8221;&#8221; inner_width_last_edited=&#8221;on|desktop&#8221; inner_max_width=&#8221;100%&#8221; inner_max_width_tablet=&#8221;100%&#8221; inner_max_width_phone=&#8221;90%&#8221; inner_max_width_last_edited=&#8221;on|tablet&#8221; custom_padding=&#8221;0px||0px||true&#8221; bottom_divider_style=&#8221;asymmetric2&#8243; bottom_divider_flip=&#8221;horizontal&#8221; bottom_divider_arrangement=&#8221;above_content&#8221; animation_style=&#8221;slide&#8221; animation_direction=&#8221;bottom&#8221; animation_intensity_slide=&#8221;4%&#8221; animation_starting_opacity=&#8221;100%&#8221; background_color_gradient_stops_tablet=&#8221;rgba(24,30,36,0.9) 0%|rgba(52,138,183,0.52) 100%&#8221; background_color_gradient_stops_phone=&#8221;rgba(24,30,36,0.9) 0%|rgba(52,138,183,0.52) 100%&#8221; make_fullwidth=&#8221;on&#8221; global_module=&#8221;3719&#8243; saved_tabs=&#8221;all&#8221; locked=&#8221;off&#8221; global_colors_info=&#8221;{}&#8221;][et_pb_column type=&#8221;1_2&#8243; specialty_columns=&#8221;2&#8243; _builder_version=&#8221;4.16&#8243; custom_padding=&#8221;|||&#8221; global_colors_info=&#8221;{}&#8221; padding_tablet=&#8221;|0%||0%||true&#8221; padding_last_edited=&#8221;on|desktop&#8221; custom_padding__hover=&#8221;|||&#8221; padding_phone=&#8221;|0%||0%||true&#8221;][et_pb_row_inner _builder_version=&#8221;4.16&#8243; custom_padding=&#8221;0|0px|0|0px|true|false&#8221; global_colors_info=&#8221;{}&#8221;][et_pb_column_inner saved_specialty_column_type=&#8221;1_2&#8243; _builder_version=&#8221;4.16&#8243; custom_padding=&#8221;|||&#8221; global_colors_info=&#8221;{}&#8221; custom_padding__hover=&#8221;|||&#8221;][et_pb_text admin_label=&#8221;Get In Touch Title&#8221; _builder_version=&#8221;4.16&#8243; text_font=&#8221;Lato||||||||&#8221; text_font_size=&#8221;22px&#8221; text_line_height=&#8221;1.8em&#8221; header_font=&#8221;||||||||&#8221; header_2_font=&#8221;Open Sans|800||on|||||&#8221; header_2_font_size=&#8221;70px&#8221; background_layout=&#8221;dark&#8221; custom_margin=&#8221;|||&#8221; header_2_font_size_tablet=&#8221;66px&#8221; header_2_font_size_phone=&#8221;30px&#8221; header_2_font_size_last_edited=&#8221;on|phone&#8221; locked=&#8221;off&#8221; global_colors_info=&#8221;{}&#8221;]<\/p>\n<h2>Ota yhteytt\u00e4<\/h2>\n<p>[\/et_pb_text][et_pb_text admin_label=&#8221;Phone&#8221; _builder_version=&#8221;4.16&#8243; text_font=&#8221;Open Sans|800|||||||&#8221; text_font_size=&#8221;40px&#8221; text_line_height=&#8221;2em&#8221; background_layout=&#8221;dark&#8221; custom_margin=&#8221;|||&#8221; text_font_size_tablet=&#8221;&#8221; text_font_size_phone=&#8221;20px&#8221; text_font_size_last_edited=&#8221;on|phone&#8221; locked=&#8221;off&#8221; global_colors_info=&#8221;{}&#8221;]<\/p>\n<p>+358 19 267 6700<\/p>\n<p>[\/et_pb_text][\/et_pb_column_inner][\/et_pb_row_inner][et_pb_row_inner column_structure=&#8221;1_2,1_2&#8243; use_custom_gutter=&#8221;on&#8221; gutter_width=&#8221;2&#8243; _builder_version=&#8221;4.16&#8243; global_colors_info=&#8221;{}&#8221;][et_pb_column_inner type=&#8221;1_2&#8243; saved_specialty_column_type=&#8221;1_2&#8243; _builder_version=&#8221;4.16&#8243; custom_padding=&#8221;|||&#8221; global_colors_info=&#8221;{}&#8221; custom_padding__hover=&#8221;|||&#8221;][et_pb_text admin_label=&#8221;Address Title&#8221; _builder_version=&#8221;4.16&#8243; text_font=&#8221;Lato||||||||&#8221; text_font_size=&#8221;18px&#8221; text_line_height=&#8221;1.8em&#8221; header_font=&#8221;Open Sans||||||||&#8221; header_4_font=&#8221;Open Sans|800|||||||&#8221; header_4_font_size=&#8221;22px&#8221; background_layout=&#8221;dark&#8221; custom_margin=&#8221;|||&#8221; custom_padding=&#8221;||20px||false|false&#8221; locked=&#8221;off&#8221; global_colors_info=&#8221;{}&#8221;]<\/p>\n<h4>Osoite<\/h4>\n<p>Esplanaadi 130<br \/>10900 Hanko<\/p>\n<p>[\/et_pb_text][et_pb_text admin_label=&#8221;Address Title&#8221; _builder_version=&#8221;4.16&#8243; text_font=&#8221;Lato||||||||&#8221; text_font_size=&#8221;18px&#8221; text_line_height=&#8221;1.8em&#8221; header_font=&#8221;Open Sans||||||||&#8221; header_4_font=&#8221;Open Sans|800|||||||&#8221; header_4_font_size=&#8221;22px&#8221; background_layout=&#8221;dark&#8221; custom_margin=&#8221;|||&#8221; custom_padding=&#8221;||20px||false|false&#8221; locked=&#8221;off&#8221; global_colors_info=&#8221;{}&#8221;]<\/p>\n<h4>S\u00e4hk\u00f6posti<\/h4>\n<p>office@hav.fi<\/p>\n<p>[\/et_pb_text][\/et_pb_column_inner][et_pb_column_inner type=&#8221;1_2&#8243; saved_specialty_column_type=&#8221;1_2&#8243; _builder_version=&#8221;4.16&#8243; custom_padding=&#8221;|||&#8221; global_colors_info=&#8221;{}&#8221; custom_padding__hover=&#8221;|||&#8221;][et_pb_text admin_label=&#8221;Hours Title&#8221; _builder_version=&#8221;4.16&#8243; text_font=&#8221;Lato||||||||&#8221; text_font_size=&#8221;18px&#8221; text_line_height=&#8221;1.8em&#8221; header_font=&#8221;Open Sans||||||||&#8221; header_4_font=&#8221;Open Sans|800|||||||&#8221; header_4_font_size=&#8221;22px&#8221; background_layout=&#8221;dark&#8221; custom_margin=&#8221;|||&#8221; custom_padding=&#8221;||20px||false|false&#8221; locked=&#8221;off&#8221; global_colors_info=&#8221;{}&#8221;]<\/p>\n<h4>Aukioloajat<\/h4>\n<p>Arkisin 8-17, La 9-13<\/p>\n<p>[\/et_pb_text][et_pb_social_media_follow _builder_version=&#8221;4.16&#8243; _module_preset=&#8221;default&#8221; background_enable_color=&#8221;off&#8221; global_colors_info=&#8221;{}&#8221;][et_pb_social_media_follow_network social_network=&#8221;facebook&#8221; url=&#8221;https:\/\/www.facebook.com\/Hang%C3%B6-Bil-och-B%C3%A5thus-Hangon-Auto-ja-Venetalo-429493263868745&#8243; icon_color=&#8221;#348AB7&#8243; use_icon_font_size=&#8221;on&#8221; icon_font_size=&#8221;30px&#8221; _builder_version=&#8221;4.16&#8243; _module_preset=&#8221;default&#8221; background_color=&#8221;#FFFFFF&#8221; background_enable_color=&#8221;on&#8221; border_radii=&#8221;on|0px|0px|0px|0px&#8221; global_colors_info=&#8221;{}&#8221; border_radii__hover_enabled=&#8221;on|desktop&#8221; border_radii__hover=&#8221;on|0px|0px|0px|0px&#8221; follow_button=&#8221;off&#8221; url_new_window=&#8221;on&#8221;]facebook[\/et_pb_social_media_follow_network][et_pb_social_media_follow_network social_network=&#8221;instagram&#8221; url=&#8221;https:\/\/www.instagram.com\/hangonautojavenetalo\/&#8221; icon_color=&#8221;#348AB7&#8243; use_icon_font_size=&#8221;on&#8221; icon_font_size=&#8221;30px&#8221; _builder_version=&#8221;4.16&#8243; _module_preset=&#8221;default&#8221; background_color=&#8221;#FFFFFF&#8221; background_enable_color=&#8221;on&#8221; border_radii=&#8221;on|0px|0px|0px|0px&#8221; global_colors_info=&#8221;{}&#8221; follow_button=&#8221;off&#8221; url_new_window=&#8221;on&#8221;]instagram[\/et_pb_social_media_follow_network][et_pb_social_media_follow_network social_network=&#8221;youtube&#8221; url=&#8221;https:\/\/www.youtube.com\/channel\/UCPi3nnPh4LZL88mS0sqzLoA\/featured&#8221; icon_color=&#8221;#348AB7&#8243; use_icon_font_size=&#8221;on&#8221; icon_font_size=&#8221;30px&#8221; _builder_version=&#8221;4.16&#8243; _module_preset=&#8221;default&#8221; background_color=&#8221;#FFFFFF&#8221; background_enable_color=&#8221;on&#8221; border_radii=&#8221;on|0px|0px|0px|0px&#8221; global_colors_info=&#8221;{}&#8221; follow_button=&#8221;off&#8221; url_new_window=&#8221;on&#8221;]youtube[\/et_pb_social_media_follow_network][\/et_pb_social_media_follow][\/et_pb_column_inner][\/et_pb_row_inner][\/et_pb_column][et_pb_column type=&#8221;1_2&#8243; _builder_version=&#8221;4.16&#8243; background_color=&#8221;#c10f1b&#8221; custom_padding=&#8221;|||&#8221; global_colors_info=&#8221;{}&#8221; padding_tablet=&#8221;40px|10%|100px|10%||true&#8221; padding_last_edited=&#8221;on|desktop&#8221; custom_padding__hover=&#8221;|||&#8221; padding_phone=&#8221;40px|10%|100px|10%||true&#8221;][\/et_pb_column][\/et_pb_section]<\/p>\n","protected":false},"excerpt":{"rendered":"<p>YhteysMyynti, huolto ja varaosat. Ota yhteytt\u00e4, niin hoidamme veneesi myynnin ja samalla varmistamme, ett\u00e4 saat uuden nautittavaksi kes\u00e4helteiss\u00e4.T\u00f6iden vastaanotto ja veneiden, moottoreiden ja varaosien myynti S\u00e4hk\u00f6postijani@hav.fi Puhelin+358 44 501 2791Johtaja, myynti ja varaosat S\u00e4hk\u00f6postijanca@hav.fi Puhelin+358 19 267 6700+358 44 502 1819Laskutus S\u00e4hk\u00f6postioffice@hav.fijanica@hav.fiHuolto S\u00e4hk\u00f6postihuolto@hav.fiMyynti S\u00e4hk\u00f6postioffice@hav.fi Puhelin+358 44 5676 700Huolto S\u00e4hk\u00f6postihuolto@hav.fiHuolto S\u00e4hk\u00f6postihuolto@hav.fiMyynti S\u00e4hk\u00f6postioffice@hav.fi Puhelin+358 19 267 6700 [&hellip;]<\/p>\n","protected":false},"author":1,"featured_media":0,"parent":0,"menu_order":0,"comment_status":"closed","ping_status":"closed","template":"","meta":{"_et_pb_use_builder":"on","_et_pb_old_content":"","_et_gb_content_width":"","footnotes":""},"class_list":["post-3743","page","type-page","status-publish","hentry"],"jetpack_shortlink":"https:\/\/wp.me\/P8nnWa-Yn","jetpack_sharing_enabled":true,"_links":{"self":[{"href":"https:\/\/hav.fi\/fi\/wp-json\/wp\/v2\/pages\/3743","targetHints":{"allow":["GET"]}}],"collection":[{"href":"https:\/\/hav.fi\/fi\/wp-json\/wp\/v2\/pages"}],"about":[{"href":"https:\/\/hav.fi\/fi\/wp-json\/wp\/v2\/types\/page"}],"author":[{"embeddable":true,"href":"https:\/\/hav.fi\/fi\/wp-json\/wp\/v2\/users\/1"}],"replies":[{"embeddable":true,"href":"https:\/\/hav.fi\/fi\/wp-json\/wp\/v2\/comments?post=3743"}],"version-history":[{"count":12,"href":"https:\/\/hav.fi\/fi\/wp-json\/wp\/v2\/pages\/3743\/revisions"}],"predecessor-version":[{"id":6156,"href":"https:\/\/hav.fi\/fi\/wp-json\/wp\/v2\/pages\/3743\/revisions\/6156"}],"wp:attachment":[{"href":"https:\/\/hav.fi\/fi\/wp-json\/wp\/v2\/media?parent=3743"}],"curies":[{"name":"wp","href":"https:\/\/api.w.org\/{rel}","templated":true}]}}