{"id":4060,"date":"2022-01-31T14:35:12","date_gmt":"2022-01-31T12:35:12","guid":{"rendered":"https:\/\/hav.fi\/terhi\/terhi-385\/"},"modified":"2025-12-17T15:22:29","modified_gmt":"2025-12-17T13:22:29","slug":"terhi-385","status":"publish","type":"page","link":"https:\/\/hav.fi\/en\/terhi\/terhi-385\/","title":{"rendered":"Terhi 385"},"content":{"rendered":"<p>[et_pb_section fb_built=&#8221;1&#8243; custom_padding_last_edited=&#8221;on|tablet&#8221; admin_label=&#8221;Hero&#8221; _builder_version=&#8221;4.27.5&#8243; use_background_color_gradient=&#8221;on&#8221; background_color_gradient_stops=&#8221;rgba(27,31,37,0.2) 0%|#1b1f25 100%&#8221; background_color_gradient_overlays_image=&#8221;on&#8221; background_color_gradient_start=&#8221;rgba(27,31,37,0.2)&#8221; background_color_gradient_end=&#8221;#1b1f25&#8243; background_image=&#8221;https:\/\/hav.fi\/wp-content\/uploads\/2025\/12\/terhi-390.jpg&#8221; custom_margin=&#8221;0px|||&#8221; custom_padding=&#8221;0px|10%|0px|10%|true|true&#8221; custom_padding_tablet=&#8221;|30px||30px||true&#8221; custom_padding_phone=&#8221;|||||true&#8221; hover_enabled=&#8221;0&#8243; locked=&#8221;off&#8221; global_colors_info=&#8221;{}&#8221; title_text=&#8221;terhi 390&#8243; sticky_enabled=&#8221;0&#8243;][et_pb_row padding_top_bottom_link_1=&#8221;true&#8221; padding_left_right_link_1=&#8221;true&#8221; _builder_version=&#8221;4.16&#8243; background_size=&#8221;initial&#8221; background_position=&#8221;top_left&#8221; width=&#8221;100%&#8221; max_width=&#8221;100%&#8221; custom_margin=&#8221;|||&#8221; custom_padding=&#8221;0||0px||false|false&#8221; hover_enabled=&#8221;0&#8243; use_custom_width=&#8221;on&#8221; width_unit=&#8221;off&#8221; custom_width_percent=&#8221;100%&#8221; global_colors_info=&#8221;{}&#8221; sticky_enabled=&#8221;0&#8243;][et_pb_column type=&#8221;4_4&#8243; _builder_version=&#8221;4.16&#8243; custom_padding=&#8221;12vw|40px|12vw|40px&#8221; custom_padding_tablet=&#8221;|||&#8221; custom_padding_phone=&#8221;|10px||10px||true&#8221; custom_padding_last_edited=&#8221;on|desktop&#8221; global_colors_info=&#8221;{}&#8221; padding_phone=&#8221;|10px||10px||true&#8221; padding_tablet=&#8221;|||&#8221; padding_last_edited=&#8221;on|desktop&#8221; custom_padding__hover=&#8221;|||&#8221;][et_pb_text _builder_version=&#8221;4.16&#8243; text_font=&#8221;Lato||||||||&#8221; text_font_size=&#8221;20px&#8221; text_line_height=&#8221;1.8em&#8221; header_font=&#8221;Teko|500||on|||||&#8221; header_text_align=&#8221;center&#8221; header_font_size=&#8221;9vw&#8221; header_letter_spacing=&#8221;0.05em&#8221; header_line_height=&#8221;0.9em&#8221; background_layout=&#8221;dark&#8221; custom_margin_tablet=&#8221;&#8221; custom_margin_phone=&#8221;&#8221; custom_margin_last_edited=&#8221;on|desktop&#8221; animation_style=&#8221;zoom&#8221; animation_delay=&#8221;100ms&#8221; animation_intensity_zoom=&#8221;10%&#8221; header_font_size_tablet=&#8221;&#8221; header_font_size_phone=&#8221;&#8221; header_font_size_last_edited=&#8221;on|phone&#8221; header_line_height_tablet=&#8221;&#8221; header_line_height_phone=&#8221;1.2em&#8221; header_line_height_last_edited=&#8221;on|phone&#8221; header_text_shadow_style=&#8221;preset1&#8243; header_text_shadow_vertical_length=&#8221;0.18em&#8221; header_text_shadow_blur_strength=&#8221;0.27em&#8221; header_text_shadow_color=&#8221;rgba(0,0,0,0.38)&#8221; global_colors_info=&#8221;{}&#8221;]<\/p>\n<h1>Terhi 390<\/h1>\n<p>[\/et_pb_text][\/et_pb_column][\/et_pb_row][\/et_pb_section][et_pb_section fb_built=&#8221;1&#8243; specialty=&#8221;on&#8221; _builder_version=&#8221;4.16&#8243; _module_preset=&#8221;default&#8221; custom_padding=&#8221;||0px|||&#8221; global_colors_info=&#8221;{}&#8221;][et_pb_column type=&#8221;1_2&#8243; _builder_version=&#8221;4.16&#8243; custom_padding=&#8221;|||&#8221; global_colors_info=&#8221;{}&#8221; custom_padding__hover=&#8221;|||&#8221;][et_pb_text admin_label=&#8221;Title&#8221; _builder_version=&#8221;4.27.5&#8243; text_font=&#8221;Lato||||||||&#8221; text_font_size=&#8221;20px&#8221; text_line_height=&#8221;1.8em&#8221; ul_font=&#8221;||||||||&#8221; header_font=&#8221;||||||||&#8221; header_3_font=&#8221;Teko|500|||||||&#8221; header_3_font_size=&#8221;40px&#8221; header_4_font=&#8221;||||||||&#8221; hover_enabled=&#8221;0&#8243; locked=&#8221;off&#8221; global_colors_info=&#8221;{}&#8221; sticky_enabled=&#8221;0&#8243;]<\/p>\n<h2 class=\"flex flex-col gap-y-s\"><span class=\"headline-l\">Stugstrandens roddb\u00e5tsfavorit<\/span><\/h2>\n<div class=\"medium body-s\">\n<p>Terhi 390 \u00e4r modellprogrammets nyaste roddb\u00e5t, som \u00e4r b\u00e5de kursstabil och stadig, samt bekv\u00e4m och l\u00e4tt att ro. Denna stugstrandsfavorit g\u00e5r ocks\u00e5 bra med en liten f\u00f6rbr\u00e4nnings- eller elektrisk utombordsmotor. Terhi 390 \u00e4r den efterl\u00e4ngtade efterf\u00f6ljaren till Terhi 385-modellen, en l\u00e5ngvarig favorit bland Terhis roddb\u00e5tar, som tillverkades i \u00f6ver 40 \u00e5r och i l\u00e5ngt \u00f6ver 40.000 exemplar. Inte bara modellens skinande vita skrovf\u00e4rg och omsorgsfullt utformade detaljer, utan ocks\u00e5 dess goda roddegenskaper och sn\u00e4rtiga l\u00f6sningar, \u00e4r b\u00e5tens st\u00f6rsta tillg\u00e5ngar.<\/p>\n<p><span>F\u00f6rb\u00e4ttrade rodd-\/k\u00f6regenskaper och praktiska l\u00f6sningar<\/span><\/p>\n<p>N\u00e5gra av de st\u00f6rsta f\u00f6rdelarna med Terhi 390 \u00e4r dess otroligt l\u00e4tta roddegenskaper och goda kursstabilitet. Vi har \u00e4ven uppm\u00e4rksammat ergonomin vid rodd \u2013 b\u00e5ten g\u00e5r att ro fr\u00e5n antingen mittb\u00e4nken eller fr\u00e4mre toften, och p\u00e5 b\u00e5tens durk finns fotst\u00f6d f\u00f6r roddare av olika l\u00e4ngd. \u00c4ven den flyttbara mittb\u00e4nken hj\u00e4lper till att hitta en bekv\u00e4m roddposition. Modellen har dessutom praktiska urtag f\u00f6r \u00e5rornas blad i \u00f6vre kanten av akterspegeln, vilket g\u00f6r det enkelt att lyfta upp \u00e5rorna i vilol\u00e4ge d\u00e5 man tar en paus fr\u00e5n roendet.<\/p>\n<p>Andra f\u00f6rb\u00e4ttringar i f\u00f6rh\u00e5llande till f\u00f6reg\u00e5ngarmodellen \u00e4r en praktisk dragst\u00e5ng i f\u00f6ren (tillbeh\u00f6r) som g\u00f6r det l\u00e4ttare att dra upp b\u00e5ten p\u00e5 land.\u00a0<\/p>\n<p>Terhi 390 g\u00e5r \u00e4ven smidigt med utombordare, och p\u00e5 akterspegeln kan monteras antingen en traditionell f\u00f6rbr\u00e4nningsmotor eller en eldriven utombordsmotor. Ifall valet faller p\u00e5 en eldriven utombordare, kan p\u00e5 b\u00e5tens mittb\u00e4nk (standardb\u00e4nken i plywood) monteras \u00e4ven en solpanel som m\u00f6jligg\u00f6r att utombordarens batteri kan laddas med hj\u00e4lp av solenergi. Terhi 390 kan f\u00f6rses med antingen ett eTerhi 390-utrustningspaket f\u00f6r Torqeedos eldrivna utombordare eller med ett Solar-utrustningspaket f\u00f6r en eldriven utombordare som kr\u00e4ver ett externt, frist\u00e5ende batteri.<\/p>\n<p><span>Terhi 390 elektrifierad<\/span><\/p>\n<p>Anv\u00e4ndningen av elektronik i b\u00e5tar \u00f6kar, b\u00e5de f\u00f6r fiske och i samband med den \u00f6kande anv\u00e4ndningen av elektriska utombordare. D\u00e4rf\u00f6r har vi redan i Terhi 390-modellens designprocess tagit i beaktande eventuella batterier och batterih\u00f6ljen. Det finns ett flertal alternativ f\u00f6r var Terhi-batteril\u00e5dan kan placeras i nya Terhi 390; under fr\u00e4mre toften, under mittb\u00e4nken, under akterb\u00e4nken eller mellan akterb\u00e4nken och akterspegeln. En kabelkanal g\u00e5r fr\u00e5n mittb\u00e4nken till akterb\u00e4nken, vilket g\u00f6r att batteriet enkelt kan placeras under mittb\u00e4nken. Utan batteril\u00e5dan kan batteriet \u00e4ven placeras inuti den nya sitt-\/f\u00f6rvaringsl\u00e5dan (tillbeh\u00f6r) som kan monteras i st\u00e4llet f\u00f6r mittb\u00e4nken i plywood. B\u00e5ten kan med hj\u00e4lp av ett separat f\u00e4ste utrustas med en hj\u00e4lpmotor i f\u00f6ren, och i och med att batteril\u00e5dan kan placeras inuti fr\u00e4mre toften, \u00e4r hj\u00e4lpmotorns montering enklare \u00e4n tidigare.<\/p>\n<p><span>M\u00e5ngsidiga f\u00f6rvaringsutrymmen<\/span><\/p>\n<p>Terhi 390 har fler platser f\u00f6r f\u00f6rvaring \u00e4n sin f\u00f6reg\u00e5ngare. Under akterb\u00e4nken finns en f\u00f6rvaringsplats, som med hj\u00e4lp av tv\u00e4rskott (t\u00e4ckplatta) av plexiglas fram- och baktill ger ett l\u00e5sbart f\u00f6rvaringsutrymme. T\u00e4ckplattorna \u00e4r tillbeh\u00f6r. Det finns ocks\u00e5 tv\u00e5 \u00f6ppna f\u00f6rvaringsfack p\u00e5 varsin sida om motorbrunnen i aktern, d\u00e4r det \u00e4r praktiskt att stuva exempelvis f\u00f6rt\u00f6jningstampar eller ankare. I f\u00f6ren, under fr\u00e4mre toften, finns ett rej\u00e4lt f\u00f6rvaringsutrymme med en t\u00e4ckplatta framtill.<\/p>\n<p><span>Extra komfort med tillbeh\u00f6r<\/span><\/p>\n<p>&nbsp;<\/p>\n<p>Till Terhi 390 finns ocks\u00e5 som tillbeh\u00f6r en praktisk och rymlig, rotationsgjuten f\u00f6rvaringsl\u00e5da, vilken placeras som mittb\u00e4nk i st\u00e4llet f\u00f6r standardb\u00e4nken i plywood. Sitt-\/f\u00f6rvaringsl\u00e5dan \u00e4r avtagbar, l\u00e5sbar och kan \u00e4ven rymma ett standardbatteri p\u00e5 110 AH (utan Terhis batteril\u00e5da) f\u00f6rutom \u00f6vrig packning. Muggh\u00e5llare samt ett f\u00f6rvaringsfack p\u00e5 l\u00e5dans yta ser till att vattenflaska och mobiltelefon finns snabbt till hands. Den nya sittl\u00e5dan har ocks\u00e5 ett dr\u00e4neringsr\u00f6r f\u00f6r kondensvatten. B\u00e5de den nya sitt-\/f\u00f6rvaringsl\u00e5dan och den i standardpriset inkluderade b\u00e4nken av plywood kan monteras i tre olika l\u00e4gen, varav de kan l\u00e5sas p\u00e5 plats i mittersta l\u00e4get.<\/p>\n<p><span>Om m\u00f6jligt \u00e4nnu s\u00e4krare egenskaper<\/span><\/p>\n<p>B\u00e5tens skrovsidor \u00e4r n\u00e5got h\u00f6gre \u00e4n hos dess f\u00f6reg\u00e5ngare, s\u00e5 tryggheten ombord \u00e4r n\u00e5got b\u00e4ttre \u00e4n tidigare. Sidor\u00e4cken kan v\u00e4ljas ur tillbeh\u00f6rslistan f\u00f6r att g\u00f6ra tryggheten ombord \u00e4nnu b\u00e4ttre. Terhi 390 \u00e4r naturligtvis ocks\u00e5 regnvattendr\u00e4nerande, och som tillbeh\u00f6r kan k\u00f6pas ett galler f\u00f6r skrovbottnens genomf\u00f6ring, vilket effektivt f\u00f6rhindrar att dr\u00e4neringsr\u00f6ret blockeras. Det finns ocks\u00e5 ett dr\u00e4neringsutlopp p\u00e5 akterspegeln som ser till att regnvatten dr\u00e4neras fr\u00e5n b\u00e5ten n\u00e4r den st\u00e5r f\u00f6rvarad uppdragen p\u00e5 stranden.<\/p>\n<\/div>\n<p>[\/et_pb_text][\/et_pb_column][et_pb_column type=&#8221;1_2&#8243; specialty_columns=&#8221;2&#8243; _builder_version=&#8221;4.16&#8243; custom_padding=&#8221;|||&#8221; global_colors_info=&#8221;{}&#8221; custom_padding__hover=&#8221;|||&#8221;][et_pb_row_inner column_structure=&#8221;1_3,1_3,1_3&#8243; _builder_version=&#8221;4.16&#8243; _module_preset=&#8221;default&#8221; global_colors_info=&#8221;{}&#8221;][et_pb_column_inner type=&#8221;1_3&#8243; saved_specialty_column_type=&#8221;1_2&#8243; _builder_version=&#8221;4.16&#8243; _module_preset=&#8221;default&#8221; global_colors_info=&#8221;{}&#8221;][et_pb_text admin_label=&#8221;Title&#8221; _builder_version=&#8221;4.27.5&#8243; text_font=&#8221;Lato||||||||&#8221; text_font_size=&#8221;20px&#8221; text_line_height=&#8221;1.8em&#8221; ul_font=&#8221;||||||||&#8221; header_font=&#8221;Teko|500|||||||&#8221; header_3_font=&#8221;Teko|500|||||||&#8221; header_3_font_size=&#8221;20px&#8221; header_3_line_height=&#8221;0.1em&#8221; header_4_font=&#8221;||||||||&#8221; hover_enabled=&#8221;0&#8243; locked=&#8221;off&#8221; global_colors_info=&#8221;{}&#8221; sticky_enabled=&#8221;0&#8243;]<\/p>\n<h3>L\u00e4ngd<\/h3>\n<h1>3,8 m<\/h1>\n<p>[\/et_pb_text][\/et_pb_column_inner][et_pb_column_inner type=&#8221;1_3&#8243; saved_specialty_column_type=&#8221;1_2&#8243; _builder_version=&#8221;4.16&#8243; _module_preset=&#8221;default&#8221; global_colors_info=&#8221;{}&#8221;][et_pb_text admin_label=&#8221;Title&#8221; _builder_version=&#8221;4.16&#8243; text_font=&#8221;Lato||||||||&#8221; text_font_size=&#8221;20px&#8221; text_line_height=&#8221;1.8em&#8221; ul_font=&#8221;||||||||&#8221; header_font=&#8221;Teko|500|||||||&#8221; header_3_font=&#8221;Teko|500|||||||&#8221; header_3_font_size=&#8221;20px&#8221; header_3_line_height=&#8221;0.1em&#8221; header_4_font=&#8221;||||||||&#8221; locked=&#8221;off&#8221; global_colors_info=&#8221;{}&#8221;]<\/p>\n<h3>Bredd<\/h3>\n<h1>1,5 m<\/h1>\n<p>[\/et_pb_text][\/et_pb_column_inner][et_pb_column_inner type=&#8221;1_3&#8243; saved_specialty_column_type=&#8221;1_2&#8243; _builder_version=&#8221;4.16&#8243; _module_preset=&#8221;default&#8221; global_colors_info=&#8221;{}&#8221;][et_pb_text admin_label=&#8221;Title&#8221; _builder_version=&#8221;4.16&#8243; text_font=&#8221;Lato||||||||&#8221; text_font_size=&#8221;20px&#8221; text_line_height=&#8221;1.8em&#8221; ul_font=&#8221;||||||||&#8221; header_font=&#8221;Teko|500|||||||&#8221; header_3_font=&#8221;Teko|500|||||||&#8221; header_3_font_size=&#8221;20px&#8221; header_3_line_height=&#8221;0.1em&#8221; header_4_font=&#8221;||||||||&#8221; locked=&#8221;off&#8221; global_colors_info=&#8221;{}&#8221;]<\/p>\n<h3>Max motorstyrka<\/h3>\n<h1>6 HK<\/h1>\n<p>[\/et_pb_text][\/et_pb_column_inner][\/et_pb_row_inner][et_pb_row_inner _builder_version=&#8221;4.27.5&#8243; _module_preset=&#8221;default&#8221; global_colors_info=&#8221;{}&#8221;][et_pb_column_inner saved_specialty_column_type=&#8221;1_2&#8243; _builder_version=&#8221;4.16&#8243; _module_preset=&#8221;default&#8221; global_colors_info=&#8221;{}&#8221;][\/et_pb_column_inner][et_pb_column_inner type=&#8221;1_3&#8243; saved_specialty_column_type=&#8221;1_2&#8243; _builder_version=&#8221;4.16&#8243; _module_preset=&#8221;default&#8221; hover_enabled=&#8221;0&#8243; global_colors_info=&#8221;{}&#8221; sticky_enabled=&#8221;0&#8243;][\/et_pb_column_inner][et_pb_column_inner type=&#8221;1_3&#8243; saved_specialty_column_type=&#8221;1_2&#8243; _builder_version=&#8221;4.16&#8243; _module_preset=&#8221;default&#8221; global_colors_info=&#8221;{}&#8221;][\/et_pb_column_inner][\/et_pb_row_inner][\/et_pb_column][\/et_pb_section][et_pb_section fb_built=&#8221;1&#8243; _builder_version=&#8221;4.16&#8243; _module_preset=&#8221;default&#8221; global_colors_info=&#8221;{}&#8221;][et_pb_row column_structure=&#8221;1_3,1_3,1_3&#8243; _builder_version=&#8221;4.16&#8243; _module_preset=&#8221;default&#8221; global_colors_info=&#8221;{}&#8221;][et_pb_column type=&#8221;1_3&#8243; _builder_version=&#8221;4.16&#8243; _module_preset=&#8221;default&#8221; global_colors_info=&#8221;{}&#8221;][et_pb_image src=&#8221;https:\/\/hav.fi\/wp-content\/uploads\/2025\/12\/terhi390_3.jpg&#8221; title_text=&#8221;terhi390_3&#8243; show_in_lightbox=&#8221;on&#8221; align=&#8221;center&#8221; _builder_version=&#8221;4.27.5&#8243; _module_preset=&#8221;default&#8221; hover_enabled=&#8221;0&#8243; global_colors_info=&#8221;{}&#8221; sticky_enabled=&#8221;0&#8243;][\/et_pb_image][\/et_pb_column][et_pb_column type=&#8221;1_3&#8243; _builder_version=&#8221;4.16&#8243; _module_preset=&#8221;default&#8221; global_colors_info=&#8221;{}&#8221;][et_pb_image src=&#8221;https:\/\/hav.fi\/wp-content\/uploads\/2025\/12\/terhi390_2.jpg&#8221; title_text=&#8221;terhi390_2&#8243; show_in_lightbox=&#8221;on&#8221; align=&#8221;center&#8221; _builder_version=&#8221;4.27.5&#8243; _module_preset=&#8221;default&#8221; hover_enabled=&#8221;0&#8243; global_colors_info=&#8221;{}&#8221; sticky_enabled=&#8221;0&#8243;][\/et_pb_image][\/et_pb_column][et_pb_column type=&#8221;1_3&#8243; _builder_version=&#8221;4.16&#8243; _module_preset=&#8221;default&#8221; global_colors_info=&#8221;{}&#8221;][et_pb_image src=&#8221;https:\/\/hav.fi\/wp-content\/uploads\/2025\/12\/terhi-390.jpg&#8221; title_text=&#8221;terhi 390&#8243; show_in_lightbox=&#8221;on&#8221; align=&#8221;center&#8221; _builder_version=&#8221;4.27.5&#8243; _module_preset=&#8221;default&#8221; hover_enabled=&#8221;0&#8243; global_colors_info=&#8221;{}&#8221; sticky_enabled=&#8221;0&#8243;][\/et_pb_image][\/et_pb_column][\/et_pb_row][et_pb_row column_structure=&#8221;1_2,1_2&#8243; _builder_version=&#8221;4.16&#8243; _module_preset=&#8221;default&#8221; global_colors_info=&#8221;{}&#8221;][et_pb_column type=&#8221;1_2&#8243; _builder_version=&#8221;4.16&#8243; _module_preset=&#8221;default&#8221; global_colors_info=&#8221;{}&#8221;][et_pb_text _builder_version=&#8221;4.27.5&#8243; _module_preset=&#8221;default&#8221; text_font=&#8221;Lato||||||||&#8221; text_font_size=&#8221;20px&#8221; text_line_height=&#8221;1.8em&#8221; ul_font=&#8221;||||||||&#8221; header_font=&#8221;||||||||&#8221; header_3_font=&#8221;Teko|500|||||||&#8221; header_3_font_size=&#8221;40px&#8221; header_4_font=&#8221;||||||||&#8221; hover_enabled=&#8221;0&#8243; global_colors_info=&#8221;{}&#8221; sticky_enabled=&#8221;0&#8243;][\/et_pb_text][\/et_pb_column][et_pb_column type=&#8221;1_2&#8243; _builder_version=&#8221;4.16&#8243; _module_preset=&#8221;default&#8221; global_colors_info=&#8221;{}&#8221;][\/et_pb_column][\/et_pb_row][et_pb_row column_structure=&#8221;1_3,1_3,1_3&#8243; _builder_version=&#8221;4.16&#8243; _module_preset=&#8221;default&#8221; global_colors_info=&#8221;{}&#8221;][et_pb_column type=&#8221;1_3&#8243; _builder_version=&#8221;4.16&#8243; _module_preset=&#8221;default&#8221; global_colors_info=&#8221;{}&#8221;][\/et_pb_column][et_pb_column type=&#8221;1_3&#8243; _builder_version=&#8221;4.16&#8243; _module_preset=&#8221;default&#8221; global_colors_info=&#8221;{}&#8221;][\/et_pb_column][et_pb_column type=&#8221;1_3&#8243; _builder_version=&#8221;4.16&#8243; _module_preset=&#8221;default&#8221; global_colors_info=&#8221;{}&#8221;][\/et_pb_column][\/et_pb_row][et_pb_row column_structure=&#8221;1_3,1_3,1_3&#8243; _builder_version=&#8221;4.16&#8243; _module_preset=&#8221;default&#8221; global_colors_info=&#8221;{}&#8221;][et_pb_column type=&#8221;1_3&#8243; _builder_version=&#8221;4.16&#8243; _module_preset=&#8221;default&#8221; global_colors_info=&#8221;{}&#8221;][\/et_pb_column][et_pb_column type=&#8221;1_3&#8243; _builder_version=&#8221;4.16&#8243; _module_preset=&#8221;default&#8221; global_colors_info=&#8221;{}&#8221;][\/et_pb_column][et_pb_column type=&#8221;1_3&#8243; _builder_version=&#8221;4.16&#8243; _module_preset=&#8221;default&#8221; global_colors_info=&#8221;{}&#8221;][\/et_pb_column][\/et_pb_row][\/et_pb_section][et_pb_section fb_built=&#8221;1&#8243; prev_background_color=&#8221;#ffffff&#8221; admin_label=&#8221;Financing&#8221; _builder_version=&#8221;4.16&#8243; use_background_color_gradient=&#8221;on&#8221; background_color_gradient_stops=&#8221;rgba(27,31,37,0.3) 0%|#1b1f25 100%&#8221; background_color_gradient_overlays_image=&#8221;on&#8221; background_color_gradient_start=&#8221;rgba(27,31,37,0.3)&#8221; background_color_gradient_end=&#8221;#1b1f25&#8243; background_image=&#8221;https:\/\/hav.fi\/\/wp-content\/uploads\/2020\/02\/Hav-thumbnail-3.jpg&#8221; custom_padding=&#8221;250px||0px||false|false&#8221; top_divider_style=&#8221;arrow&#8221; top_divider_height_tablet=&#8221;&#8221; top_divider_height_phone=&#8221;50px&#8221; top_divider_height_last_edited=&#8221;on|phone&#8221; global_colors_info=&#8221;{}&#8221;][et_pb_row module_class=&#8221; et_pb_row_fullwidth&#8221; _builder_version=&#8221;4.16&#8243; width=&#8221;89%&#8221; width_tablet=&#8221;80%&#8221; width_phone=&#8221;&#8221; width_last_edited=&#8221;on|desktop&#8221; max_width=&#8221;89%&#8221; max_width_tablet=&#8221;80%&#8221; max_width_phone=&#8221;&#8221; max_width_last_edited=&#8221;on|desktop&#8221; custom_margin=&#8221;|||&#8221; custom_padding=&#8221;0|0px|0px|0px|false|false&#8221; make_fullwidth=&#8221;on&#8221; global_colors_info=&#8221;{}&#8221;][et_pb_column type=&#8221;4_4&#8243; _builder_version=&#8221;4.16&#8243; custom_padding=&#8221;|||&#8221; global_colors_info=&#8221;{}&#8221; custom_padding__hover=&#8221;|||&#8221;][et_pb_text _builder_version=&#8221;4.16&#8243; text_font=&#8221;||||||||&#8221; header_font=&#8221;||||||||&#8221; header_line_height=&#8221;0.7em&#8221; header_2_font=&#8221;Teko|500||on|||||&#8221; header_2_text_color=&#8221;#ffffff&#8221; header_2_font_size=&#8221;9vw&#8221; header_2_line_height=&#8221;1.2em&#8221; text_orientation=&#8221;center&#8221; animation_style=&#8221;zoom&#8221; animation_delay=&#8221;100ms&#8221; animation_intensity_zoom=&#8221;20%&#8221; header_line_height_tablet=&#8221;&#8221; header_line_height_phone=&#8221;1.2em&#8221; header_line_height_last_edited=&#8221;on|phone&#8221; global_colors_info=&#8221;{}&#8221;]<\/p>\n<h2>Finansiering utan handpeng<\/h2>\n<p>[\/et_pb_text][\/et_pb_column][\/et_pb_row][et_pb_row _builder_version=&#8221;4.16&#8243; custom_margin=&#8221;|||&#8221; custom_padding=&#8221;||0px|&#8221; locked=&#8221;off&#8221; global_colors_info=&#8221;{}&#8221;][et_pb_column type=&#8221;4_4&#8243; _builder_version=&#8221;4.16&#8243; custom_padding=&#8221;|||&#8221; global_colors_info=&#8221;{}&#8221; custom_padding__hover=&#8221;|||&#8221;][et_pb_button button_url=&#8221;https:\/\/hav.fi\/en\/financing\/&#8221; button_text=&#8221;Ans\u00f6k om finansiering&#8221; button_alignment=&#8221;center&#8221; _builder_version=&#8221;4.16&#8243; custom_button=&#8221;on&#8221; button_text_size=&#8221;16px&#8221; button_bg_color=&#8221;#348ab7&#8243; button_border_width=&#8221;8px&#8221; button_border_color=&#8221;#348ab7&#8243; button_border_radius=&#8221;0px&#8221; button_letter_spacing=&#8221;4px&#8221; button_font=&#8221;Teko|700||on|||||&#8221; button_icon=&#8221;&#x24;||divi||400&#8243; background_layout=&#8221;dark&#8221; global_colors_info=&#8221;{}&#8221; button_text_size__hover_enabled=&#8221;off&#8221; button_one_text_size__hover_enabled=&#8221;off&#8221; button_two_text_size__hover_enabled=&#8221;off&#8221; button_text_color__hover_enabled=&#8221;off&#8221; button_one_text_color__hover_enabled=&#8221;off&#8221; button_two_text_color__hover_enabled=&#8221;off&#8221; button_border_width__hover_enabled=&#8221;off&#8221; button_one_border_width__hover_enabled=&#8221;off&#8221; button_two_border_width__hover_enabled=&#8221;off&#8221; button_border_color__hover_enabled=&#8221;off&#8221; button_one_border_color__hover_enabled=&#8221;off&#8221; button_two_border_color__hover_enabled=&#8221;off&#8221; button_border_radius__hover_enabled=&#8221;off&#8221; button_one_border_radius__hover_enabled=&#8221;off&#8221; button_two_border_radius__hover_enabled=&#8221;off&#8221; button_letter_spacing__hover_enabled=&#8221;off&#8221; button_one_letter_spacing__hover_enabled=&#8221;off&#8221; button_two_letter_spacing__hover_enabled=&#8221;off&#8221; button_bg_color__hover_enabled=&#8221;off&#8221; button_one_bg_color__hover_enabled=&#8221;off&#8221; button_two_bg_color__hover_enabled=&#8221;off&#8221;][\/et_pb_button][\/et_pb_column][\/et_pb_row][\/et_pb_section]<\/p>\n","protected":false},"excerpt":{"rendered":"<p>Terhi 390Stugstrandens roddb\u00e5tsfavorit Terhi 390 \u00e4r modellprogrammets nyaste roddb\u00e5t, som \u00e4r b\u00e5de kursstabil och stadig, samt bekv\u00e4m och l\u00e4tt att ro. Denna stugstrandsfavorit g\u00e5r ocks\u00e5 bra med en liten f\u00f6rbr\u00e4nnings- eller elektrisk utombordsmotor. Terhi 390 \u00e4r den efterl\u00e4ngtade efterf\u00f6ljaren till Terhi 385-modellen, en l\u00e5ngvarig favorit bland Terhis roddb\u00e5tar, som tillverkades i \u00f6ver 40 \u00e5r och [&hellip;]<\/p>\n","protected":false},"author":4,"featured_media":0,"parent":3899,"menu_order":0,"comment_status":"closed","ping_status":"closed","template":"","meta":{"_et_pb_use_builder":"on","_et_pb_old_content":"","_et_gb_content_width":"","footnotes":""},"class_list":["post-4060","page","type-page","status-publish","hentry"],"jetpack_shortlink":"https:\/\/wp.me\/P8nnWa-13u","jetpack_sharing_enabled":true,"_links":{"self":[{"href":"https:\/\/hav.fi\/en\/wp-json\/wp\/v2\/pages\/4060","targetHints":{"allow":["GET"]}}],"collection":[{"href":"https:\/\/hav.fi\/en\/wp-json\/wp\/v2\/pages"}],"about":[{"href":"https:\/\/hav.fi\/en\/wp-json\/wp\/v2\/types\/page"}],"author":[{"embeddable":true,"href":"https:\/\/hav.fi\/en\/wp-json\/wp\/v2\/users\/4"}],"replies":[{"embeddable":true,"href":"https:\/\/hav.fi\/en\/wp-json\/wp\/v2\/comments?post=4060"}],"version-history":[{"count":6,"href":"https:\/\/hav.fi\/en\/wp-json\/wp\/v2\/pages\/4060\/revisions"}],"predecessor-version":[{"id":6078,"href":"https:\/\/hav.fi\/en\/wp-json\/wp\/v2\/pages\/4060\/revisions\/6078"}],"up":[{"embeddable":true,"href":"https:\/\/hav.fi\/en\/wp-json\/wp\/v2\/pages\/3899"}],"wp:attachment":[{"href":"https:\/\/hav.fi\/en\/wp-json\/wp\/v2\/media?parent=4060"}],"curies":[{"name":"wp","href":"https:\/\/api.w.org\/{rel}","templated":true}]}}